{"id":3,"date":"2026-03-04T10:32:17","date_gmt":"2026-03-04T10:32:17","guid":{"rendered":"https:\/\/develon.agma.bg\/?page_id=3"},"modified":"2026-03-25T13:34:54","modified_gmt":"2026-03-25T13:34:54","slug":"politika-na-poveritelnost","status":"publish","type":"page","link":"https:\/\/develon.si\/sl\/politika-na-poveritelnost\/","title":{"rendered":"Pravilnik o zasebnosti osebnih podatkov"},"content":{"rendered":"<div data-elementor-type=\"wp-page\" data-elementor-id=\"3\" class=\"elementor elementor-3\" data-elementor-post-type=\"page\">\n\t\t\t\t<div class=\"elementor-element elementor-element-9512cf1 e-flex e-con-boxed e-con e-parent\" data-id=\"9512cf1\" data-element_type=\"container\" data-e-type=\"container\">\n\t\t\t\t\t<div class=\"e-con-inner\">\n\t\t\t\t<div class=\"elementor-element elementor-element-18bc88d elementor-widget elementor-widget-button\" data-id=\"18bc88d\" data-element_type=\"widget\" data-e-type=\"widget\" data-widget_type=\"button.default\">\n\t\t\t\t\t\t\t\t\t\t<a class=\"elementor-button elementor-button-link elementor-size-sm\" href=\"https:\/\/develon.si\/wp-content\/uploads\/2018\/10\/PRAVILA_MEGATRON_2023.pdf\">\n\t\t\t\t\t\t<span class=\"elementor-button-content-wrapper\">\n\t\t\t\t\t\t\t\t\t<span class=\"elementor-button-text\">Pravila za uveljavljanje pravic posameznikov, na katere se nana\u0161ajo osebni podatki<\/span>\n\t\t\t\t\t<\/span>\n\t\t\t\t\t<\/a>\n\t\t\t\t\t\t\t\t<\/div>\n\t\t\t\t\t<\/div>\n\t\t\t\t<\/div>\n\t\t<div class=\"elementor-element elementor-element-5214fd4e e-flex e-con-boxed e-con e-parent\" data-id=\"5214fd4e\" data-element_type=\"container\" data-e-type=\"container\">\n\t\t\t\t\t<div class=\"e-con-inner\">\n\t\t\t\t<div class=\"elementor-element elementor-element-6131d517 elementor-widget elementor-widget-text-editor\" data-id=\"6131d517\" data-element_type=\"widget\" data-e-type=\"widget\" data-widget_type=\"text-editor.default\">\n\t\t\t\t\t\t\t\t\t<div class=\"col-md-12 hc_text_block_cnt\">\n<div id=\"GDT8e\" class=\"text-m\">Poleg zgoraj opisanih osebnih podatkov lahko zbiramo tudi podatke o va\u0161i napravi, pa tudi druge statisti\u010dne in tehni\u010dne podatke ter informacije, kot so pogostost in trajanje va\u0161ega obiska spletnega mesta, IP-naslov v \u010dasu obiska in statistika o obiskanih straneh in\/ali izdelkih.<br \/><br \/>Te podatke zbiramo in uporabljamo za analizo va\u0161ih dejanj in preferenc kot obiskovalca spletnega mesta, za upravljanje spletnega mesta, za statisti\u010dne namene in iz varnostnih razlogov.<br \/><br \/>Statisti\u010dni in tehni\u010dni podatki, ki jih posreduje va\u0161 brskalnik in\/ali naprava, se lahko uporabljajo tudi za tr\u017eenjske in ogla\u0161evalske namene, pod pogojem, da ti podatki ne bodo povezani z va\u0161imi osebnimi podatki in ne bodo uporabljeni za va\u0161o identifikacijo.<\/div>\n<\/div>\n<div class=\"col-md-12 hc_space_cnt\">\u00a0<\/div>\n<div class=\"col-md-12 hc_title_tag_cnt\">\n<h3 id=\"WxcQC\" class=\"text-bold middle-content\">Pi\u0161kotki:<\/h3>\n<\/div>\n<div class=\"col-md-12 hc_text_block_cnt\">\n<div id=\"q1zJN\" class=\"text-m\">Ta razdelek se nana\u0161a na pi\u0161kotke in spletne strani, ki jih upravlja Megatron EAD. Upo\u0161tevajte, da za zagotovitev pravilnega delovanja tega spletnega mesta in izbolj\u0161anje va\u0161e uporabni\u0161ke izku\u0161nje v\u010dasih na va\u0161o napravo namestimo majhne podatkovne datoteke, imenovane pi\u0161kotki.<br \/><br \/>\u00bbPi\u0161kotek\u00ab je majhna besedilna datoteka (\u010drke in \u0161tevilke), ki jo spletno mesto namesti na va\u0161 ra\u010dunalnik, telefon ali drugo napravo, ko obi\u0161\u010dete spletno mesto, z informacijami o va\u0161i navigaciji po tem spletnem mestu. \u00bbPi\u0161kotki\u00ab se namestijo na zahtevo, ki jo spletni stre\u017enik izda brskalniku (npr. Chrome, Opera, Mozilla) in ne vsebujejo nobene programske opreme, vohunske programske opreme ali virusov ter nimajo dostopa do informacij iz uporabnikove strojne opreme. Funkcija \u00bbpi\u0161kotka\u00ab je, da na\u0161emu spletnemu mestu omogo\u010di, da si za dolo\u010deno obdobje zapomni va\u0161a dejanja in nastavitve (kot so uporabni\u0161ko ime, jezik, velikost pisave in druge nastavitve prikaza), tako da vam jih ni treba vna\u0161ati vsaki\u010d, ko ponovno obi\u0161\u010dete spletno mesto ali se premaknete z ene strani na drugo.<\/div>\n<\/div>\n<div class=\"col-md-12 hc_space_cnt\">\u00a0<\/div>\n<div class=\"col-md-12 hc_title_tag_cnt\">\n<h3 id=\"kWkjZ\" class=\"text-bold middle-content\">Vrste \u00bbpi\u0161kotkov\u00ab, ki jih uporablja na\u0161e spletno mesto:<\/h3>\n<\/div>\n<div class=\"col-md-12 hc_text_list_cnt\">\n<div class=\"list-items\">\n<div class=\"list-item\">\n<div class=\"row\">\n<div class=\"col-md-9\">\n<h4>1. Analiti\u010dni pi\u0161kotki<\/h4>\n<p>Uporabljajo se za \u0161tetje \u0161tevila uporabnikov, ki obi\u0161\u010dejo spletno mesto. Ti pi\u0161kotki omogo\u010dajo merjenje in analizo, kako uporabniki brskajo po tem spletnem mestu.<\/p>\n<\/div>\n<\/div>\n<\/div>\n<div class=\"list-item\">\n<div class=\"row\">\n<div class=\"col-md-9\">\n<h4>2. Ogla\u0161evalski pi\u0161kotki<\/h4>\n<p>Ti pi\u0161kotki se uporabljajo za prikazovanje oglasov, ki so ustrezni za uporabnike, in pomagajo podjetju Megatron EAD pri merjenju u\u010dinkovitosti svojih ogla\u0161evalskih akcij. Z brskanjem po spletnem mestu uporabniki sprejemajo, da bo Megatron EAD te vrste pi\u0161kotkov prenesel na njihove naprave in jih uporabil, ko bodo v prihodnje obiskali spletno mesto.<\/p>\n<\/div>\n<\/div>\n<\/div>\n<div class=\"list-item\">\n<div class=\"row\">\n<div class=\"col-md-9\">\n<h4>3. Pi\u0161kotki za nastavitve<\/h4>\n<p>Vsaki\u010d, ko uporabniki brskajo po tem spletnem mestu, si spletno mesto zapomni njihove nastavitve (npr. lokacijo ali \u017eeleni jezik). Zahvaljujo\u010d tem pi\u0161kotkom lahko uporabnikom ponudimo preprosto, bolj priro\u010dno in prilagojeno izku\u0161njo brskanja.<\/p>\n<\/div>\n<div class=\"col-md-3\">\u010ce vas skrbi, da so pi\u0161kotki v va\u0161i napravi, lahko brskalnik nastavite tako, da zavrne pi\u0161kotke ali vas obvesti, ko je pi\u0161kotek nastavljen, kar vam omogo\u010da, da se odlo\u010dite, ali ga boste sprejeli. Pi\u0161kotke lahko tudi izbri\u0161ete iz svoje naprave. \u010ce se odlo\u010dite blokirati ali izbrisati pi\u0161kotke, nekatere funkcije spletnih mest, ki jih obi\u0161\u010dete, morda ne bodo delovale pravilno.<\/div>\n<\/div>\n<\/div>\n<\/div>\n<\/div>\t\t\t\t\t\t\t\t<\/div>\n\t\t\t\t\t<\/div>\n\t\t\t\t<\/div>\n\t\t\t\t<\/div>","protected":false},"excerpt":{"rendered":"<p>\u041f\u0440\u0430\u0432\u0438\u043b\u0430 \u0437\u0430 \u0443\u043f\u0440\u0430\u0436\u043d\u044f\u0432\u0430\u043d\u0435 \u043f\u0440\u0430\u0432\u0430\u0442\u0430 \u043d\u0430 \u0441\u0443\u0431\u0435\u043a\u0442\u0438\u0442\u0435 \u043d\u0430 \u0434\u0430\u043d\u043d\u0438 \u041e\u0441\u0432\u0435\u043d \u0433\u043e\u0440\u0435\u043e\u043f\u0438\u0441\u0430\u043d\u0438\u0442\u0435 \u043b\u0438\u0447\u043d\u0438 \u0434\u0430\u043d\u043d\u0438, \u043c\u043e\u0436\u0435\u043c \u0434\u0430 \u0441\u044a\u0431\u0435\u0440\u0435\u043c \u0438\u043d\u0444\u043e\u0440\u043c\u0430\u0446\u0438\u044f \u0438 \u0437\u0430 \u0412\u0430\u0448\u0435\u0442\u043e \u0443\u0441\u0442\u0440\u043e\u0439\u0441\u0442\u0432\u043e, \u043a\u0430\u043a\u0442\u043e \u0438 \u0434\u0440\u0443\u0433\u0438 \u0441\u0442\u0430\u0442\u0438\u0441\u0442\u0438\u0447\u0435\u0441\u043a\u0438 \u0438 \u0442\u0435\u0445\u043d\u0438\u0447\u0435\u0441\u043a\u0438 \u0434\u0430\u043d\u043d\u0438 \u0438 \u0438\u043d\u0444\u043e\u0440\u043c\u0430\u0446\u0438\u044f, \u043a\u0430\u0442\u043e \u0447\u0435\u0441\u0442\u043e\u0442\u0430 \u0438 \u043f\u0440\u043e\u0434\u044a\u043b\u0436\u0438\u0442\u0435\u043b\u043d\u043e\u0441\u0442 \u043d\u0430 \u0412\u0430\u0448\u0435\u0442\u043e \u043f\u043e\u0441\u0435\u0449\u0435\u043d\u0438\u0435 \u043d\u0430 \u0443\u0435\u0431\u0441\u0430\u0439\u0442\u0430, IP \u0430\u0434\u0440\u0435\u0441 \u043a\u044a\u043c \u043c\u043e\u043c\u0435\u043d\u0442\u0430 \u043d\u0430 \u043f\u043e\u0441\u0435\u0449\u0435\u043d\u0438\u0435 \u0438 \u0441\u0442\u0430\u0442\u0438\u0441\u0442\u0438\u043a\u0430 \u0437\u0430 \u043f\u043e\u0441\u0435\u0442\u0435\u043d\u0438\u0442\u0435 \u0441\u0442\u0440\u0430\u043d\u0438\u0446\u0438 \u0438\/\u0438\u043b\u0438 \u043f\u0440\u043e\u0434\u0443\u043a\u0442\u0438 . \u0422\u0435\u0437\u0438 \u0434\u0430\u043d\u043d\u0438 \u0441\u0435 [&hellip;]<\/p>","protected":false},"author":1,"featured_media":0,"parent":0,"menu_order":0,"comment_status":"closed","ping_status":"open","template":"","meta":{"_acf_changed":false,"pgc_sgb_lightbox_settings":"","footnotes":""},"class_list":["post-3","page","type-page","status-publish","hentry"],"acf":[],"featured_image_src":null,"_links":{"self":[{"href":"https:\/\/develon.si\/sl\/wp-json\/wp\/v2\/pages\/3","targetHints":{"allow":["GET"]}}],"collection":[{"href":"https:\/\/develon.si\/sl\/wp-json\/wp\/v2\/pages"}],"about":[{"href":"https:\/\/develon.si\/sl\/wp-json\/wp\/v2\/types\/page"}],"author":[{"embeddable":true,"href":"https:\/\/develon.si\/sl\/wp-json\/wp\/v2\/users\/1"}],"replies":[{"embeddable":true,"href":"https:\/\/develon.si\/sl\/wp-json\/wp\/v2\/comments?post=3"}],"version-history":[{"count":4,"href":"https:\/\/develon.si\/sl\/wp-json\/wp\/v2\/pages\/3\/revisions"}],"predecessor-version":[{"id":33514727,"href":"https:\/\/develon.si\/sl\/wp-json\/wp\/v2\/pages\/3\/revisions\/33514727"}],"wp:attachment":[{"href":"https:\/\/develon.si\/sl\/wp-json\/wp\/v2\/media?parent=3"}],"curies":[{"name":"wp","href":"https:\/\/api.w.org\/{rel}","templated":true}]}}