{"id":33440880,"date":"2026-03-16T09:24:37","date_gmt":"2026-03-16T09:24:37","guid":{"rendered":"https:\/\/develon.agma.bg\/?page_id=33440880"},"modified":"2026-05-12T12:21:31","modified_gmt":"2026-05-12T12:21:31","slug":"serviz","status":"publish","type":"page","link":"https:\/\/develon.si\/sl\/serviz\/","title":{"rendered":"Storitev"},"content":{"rendered":"<div data-elementor-type=\"wp-page\" data-elementor-id=\"33440880\" class=\"elementor elementor-33440880\" data-elementor-post-type=\"page\">\n\t\t\t\t<div class=\"elementor-element elementor-element-6985035 hero-overlay e-flex e-con-boxed e-con e-parent\" data-id=\"6985035\" data-element_type=\"container\" data-e-type=\"container\" data-settings=\"{&quot;background_background&quot;:&quot;classic&quot;}\">\n\t\t\t\t\t<div class=\"e-con-inner\">\n\t\t\t\t<div class=\"elementor-element elementor-element-562afcc elementor-widget elementor-widget-heading\" data-id=\"562afcc\" data-element_type=\"widget\" data-e-type=\"widget\" data-widget_type=\"heading.default\">\n\t\t\t\t\t<h1 class=\"elementor-heading-title elementor-size-default\">Storitev<\/h1>\t\t\t\t<\/div>\n\t\t\t\t\t<\/div>\n\t\t\t\t<\/div>\n\t\t<div class=\"elementor-element elementor-element-1b940fc1 e-flex e-con-boxed e-con e-parent\" data-id=\"1b940fc1\" data-element_type=\"container\" data-e-type=\"container\">\n\t\t\t\t\t<div class=\"e-con-inner\">\n\t\t<div class=\"elementor-element elementor-element-64d0246d e-con-full e-flex e-con e-child\" data-id=\"64d0246d\" data-element_type=\"container\" data-e-type=\"container\">\n\t\t\t\t<div class=\"elementor-element elementor-element-370eac9c elementor-widget elementor-widget-text-editor\" data-id=\"370eac9c\" data-element_type=\"widget\" data-e-type=\"widget\" data-widget_type=\"text-editor.default\">\n\t\t\t\t\t\t\t\t\t<p>Na\u0161a ekipa usposobljenih serviserjev skrbi za servisiranje va\u0161ih strojev. Vsak od njih se redno usposablja v servisnih centrih Bobcat in Develon. Na\u0161a mobilna servisna vozila so opremljena s potrebnim orodjem za izvajanje nujnih popravil. Na\u0161e servisne baze v dr\u017eavi imajo specializirano opremo in sodobno diagnosti\u010dno opremo po standardih Develon.<br \/><br \/>Prodajne in servisne baze v Dobrichu, Stari Zagori, Balgarovu, Plevenu in Montani imajo velike servisne prostore za izvajanje kompleksnej\u0161ih popravil, pri \u010demer je vsak stroj diagnosticiran z originalno programsko opremo in hitro ter u\u010dinkovito servisiran s specializiranim orodjem.<\/p>\t\t\t\t\t\t\t\t<\/div>\n\t\t\t\t<\/div>\n\t\t<div class=\"elementor-element elementor-element-6d996884 e-con-full e-flex e-con e-child\" data-id=\"6d996884\" data-element_type=\"container\" data-e-type=\"container\">\n\t\t\t\t<div class=\"elementor-element elementor-element-fce6269 elementor-arrows-position-outside elementor-pagination-position-outside elementor-widget elementor-widget-image-carousel\" data-id=\"fce6269\" data-element_type=\"widget\" data-e-type=\"widget\" data-settings=\"{&quot;slides_to_show&quot;:&quot;1&quot;,&quot;navigation&quot;:&quot;both&quot;,&quot;autoplay&quot;:&quot;yes&quot;,&quot;pause_on_hover&quot;:&quot;yes&quot;,&quot;pause_on_interaction&quot;:&quot;yes&quot;,&quot;autoplay_speed&quot;:5000,&quot;infinite&quot;:&quot;yes&quot;,&quot;effect&quot;:&quot;slide&quot;,&quot;speed&quot;:500}\" data-widget_type=\"image-carousel.default\">\n\t\t\t\t\t\t\t<div class=\"elementor-image-carousel-wrapper swiper\" role=\"region\" aria-roledescription=\"carousel\" aria-label=\"Vrtiljak slik\" dir=\"ltr\">\n\t\t\t<div class=\"elementor-image-carousel swiper-wrapper\" aria-live=\"off\">\n\t\t\t\t\t\t\t\t<div class=\"swiper-slide\" role=\"group\" aria-roledescription=\"slide\" aria-label=\"1 od 2\" data-no-translation-aria-label=\"\"><figure class=\"swiper-slide-inner\"><img decoding=\"async\" class=\"swiper-slide-image\" src=\"https:\/\/develon.si\/wp-content\/uploads\/2026\/03\/doosan-serviz-1.webp\" alt=\"doosan-serviz\" \/><\/figure><\/div><div class=\"swiper-slide\" role=\"group\" aria-roledescription=\"slide\" aria-label=\"2 od 2\" data-no-translation-aria-label=\"\"><figure class=\"swiper-slide-inner\"><img decoding=\"async\" class=\"swiper-slide-image\" src=\"https:\/\/develon.si\/wp-content\/uploads\/2026\/03\/serviz.jpg\" alt=\"serviz\" \/><\/figure><\/div>\t\t\t<\/div>\n\t\t\t\t\t\t\t\t\t\t\t\t<div class=\"elementor-swiper-button elementor-swiper-button-prev\" role=\"button\" tabindex=\"0\">\n\t\t\t\t\t\t<svg aria-hidden=\"true\" class=\"e-font-icon-svg e-eicon-chevron-left\" viewbox=\"0 0 1000 1000\" xmlns=\"http:\/\/www.w3.org\/2000\/svg\"><path d=\"M646 125C629 125 613 133 604 142L308 442C296 454 292 471 292 487 292 504 296 521 308 533L604 854C617 867 629 875 646 875 663 875 679 871 692 858 704 846 713 829 713 812 713 796 708 779 692 767L438 487 692 225C700 217 708 204 708 187 708 171 704 154 692 142 675 129 663 125 646 125Z\"><\/path><\/svg>\t\t\t\t\t<\/div>\n\t\t\t\t\t<div class=\"elementor-swiper-button elementor-swiper-button-next\" role=\"button\" tabindex=\"0\">\n\t\t\t\t\t\t<svg aria-hidden=\"true\" class=\"e-font-icon-svg e-eicon-chevron-right\" viewbox=\"0 0 1000 1000\" xmlns=\"http:\/\/www.w3.org\/2000\/svg\"><path d=\"M696 533C708 521 713 504 713 487 713 471 708 454 696 446L400 146C388 133 375 125 354 125 338 125 325 129 313 142 300 154 292 171 292 187 292 204 296 221 308 233L563 492 304 771C292 783 288 800 288 817 288 833 296 850 308 863 321 871 338 875 354 875 371 875 388 867 400 854L696 533Z\"><\/path><\/svg>\t\t\t\t\t<\/div>\n\t\t\t\t\n\t\t\t\t\t\t\t\t\t<div class=\"swiper-pagination\"><\/div>\n\t\t\t\t\t\t\t\t\t<\/div>\n\t\t\t\t\t\t<\/div>\n\t\t\t\t<\/div>\n\t\t\t\t\t<\/div>\n\t\t\t\t<\/div>\n\t\t<div class=\"elementor-element elementor-element-681ccb8b search-box e-flex e-con-boxed e-con e-parent\" data-id=\"681ccb8b\" data-element_type=\"container\" data-e-type=\"container\">\n\t\t\t\t\t<div class=\"e-con-inner\">\n\t\t<div class=\"elementor-element elementor-element-7f024e42 e-con-full e-flex e-con e-child\" data-id=\"7f024e42\" data-element_type=\"container\" data-e-type=\"container\" data-settings=\"{&quot;background_background&quot;:&quot;classic&quot;}\">\n\t\t\t\t<div class=\"elementor-element elementor-element-4c3391be elementor-widget elementor-widget-heading\" data-id=\"4c3391be\" data-element_type=\"widget\" data-e-type=\"widget\" data-widget_type=\"heading.default\">\n\t\t\t\t\t<h2 class=\"elementor-heading-title elementor-size-default\">Preverite razpolo\u017eljivost va\u0161ega dela:<\/h2>\t\t\t\t<\/div>\n\t\t\t\t<div class=\"elementor-element elementor-element-278de10e elementor-widget elementor-widget-shortcode\" data-id=\"278de10e\" data-element_type=\"widget\" data-e-type=\"widget\" data-widget_type=\"shortcode.default\">\n\t\t\t\t\t\t\t<div class=\"elementor-shortcode\"><div id=\"CsvProductSearchPlugin\">\n        <form action=\"https:\/\/develon.si\/sl\/wp-json\/wp\/v2\/pages\/33440880\" method=\"POST\" class=\"cpsp_form\" data-trp-original-action=\"https:\/\/develon.si\/sl\/wp-json\/wp\/v2\/pages\/33440880\">\n        <div>\n            <p><input type=\"text\" name=\"product_search\" class=\"cpsp_form_input\" placeholder=\"Vnesite \u0161tevilko izdelka\" value=\"\" \/><\/p>\n            <p><input type=\"submit\" name=\"submit_csv_product_search\" class=\"cpsp_form_input\" value=\"Iskanje\" \/><\/p>\n        <\/div>\n    <input type=\"hidden\" name=\"trp-form-language\" value=\"sl\"\/><\/form>\n\n    <div id=\"CpspFormResultSearching\">\n        <p class=\"cpsp_results-count\">Iskanje ...<\/p>\n    <\/div>\n    <div id=\"CpspFormResultWrapper\">\n    <\/div>\n<\/div><\/div>\n\t\t\t\t\t\t<\/div>\n\t\t\t\t<\/div>\n\t\t\t\t\t<\/div>\n\t\t\t\t<\/div>\n\t\t<div class=\"elementor-element elementor-element-70800bb e-flex e-con-boxed e-con e-parent\" data-id=\"70800bb\" data-element_type=\"container\" data-e-type=\"container\">\n\t\t\t\t\t<div class=\"e-con-inner\">\n\t\t\t\t<div class=\"elementor-element elementor-element-ab90a76 elementor-widget elementor-widget-text-editor\" data-id=\"ab90a76\" data-element_type=\"widget\" data-e-type=\"widget\" data-widget_type=\"text-editor.default\">\n\t\t\t\t\t\t\t\t\t<div class=\"col-md-12 hc_text_block_cnt\"><div id=\"PVSgD\" class=\"text-m\">Za va\u0161o brezskrbnost Megatron med vikendi nudi tudi de\u017eurno storitev za zaposlene iz oddelka za servis in rezervne dele.<br \/><br \/>Za zahtevo popravil med vikendom uporabite navedene kontaktne podatke:<br \/>Vladimir Evtimov, nacionalni koordinator storitev; mobilni telefon: 0888 805 848, e-po\u0161ta: v.evtimov@megatron.bg<\/div><\/div>\t\t\t\t\t\t\t\t<\/div>\n\t\t\t\t\t<\/div>\n\t\t\t\t<\/div>\n\t\t<div class=\"elementor-element elementor-element-5dd73dd9 e-flex e-con-boxed e-con e-parent\" data-id=\"5dd73dd9\" data-element_type=\"container\" data-e-type=\"container\">\n\t\t\t\t\t<div class=\"e-con-inner\">\n\t\t\t\t<div class=\"elementor-element elementor-element-5ee27c05 elementor-widget elementor-widget-heading\" data-id=\"5ee27c05\" data-element_type=\"widget\" data-e-type=\"widget\" data-widget_type=\"heading.default\">\n\t\t\t\t\t<h2 class=\"elementor-heading-title elementor-size-default\">Stiki:<\/h2>\t\t\t\t<\/div>\n\t\t\t\t<div class=\"elementor-element elementor-element-12951517 elementor-widget-divider--view-line elementor-widget elementor-widget-divider\" data-id=\"12951517\" data-element_type=\"widget\" data-e-type=\"widget\" data-widget_type=\"divider.default\">\n\t\t\t\t\t\t\t<div class=\"elementor-divider\">\n\t\t\t<span class=\"elementor-divider-separator\">\n\t\t\t\t\t\t<\/span>\n\t\t<\/div>\n\t\t\t\t\t\t<\/div>\n\t\t\t\t\t<\/div>\n\t\t\t\t<\/div>\n\t\t<div class=\"elementor-element elementor-element-5146de7d e-flex e-con-boxed e-con e-parent\" data-id=\"5146de7d\" data-element_type=\"container\" data-e-type=\"container\">\n\t\t\t\t\t<div class=\"e-con-inner\">\n\t\t\t\t<div class=\"elementor-element elementor-element-75e853da elementor-widget elementor-widget-html\" data-id=\"75e853da\" data-element_type=\"widget\" data-e-type=\"widget\" data-widget_type=\"html.default\">\n\t\t\t\t\t<iframe src=\"https:\/\/www.google.com\/maps\/d\/embed?mid=1q8Z_b_liAI64ZcKXbVaN9djpwUYLgXHD&ehbc=2E312F\" width=\"640\" height=\"480\"><\/iframe>\t\t\t\t<\/div>\n\t\t\t\t<div class=\"elementor-element elementor-element-7da6f001 elementor-widget elementor-widget-text-editor\" data-id=\"7da6f001\" data-element_type=\"widget\" data-e-type=\"widget\" data-widget_type=\"text-editor.default\">\n\t\t\t\t\t\t\t\t\t<div class=\"col-md-12 hc_text_block_cnt\"><div id=\"F624l\" class=\"\">Ko va\u0161a oprema ne deluje, ne dokon\u010date svojega dela. Zato vam Develon zagotavlja vire, ki vam pomagajo ohranjati va\u0161 stroj v vrhunskem delovnem stanju. Najpomembneje pa je, da vas podpira ve\u010d kot 11 lokacij Megatron po vsej dr\u017eavi z najbolj izku\u0161enimi serviserji v panogi. Pripravljeni so, ko jih najbolj potrebujete.<\/div><\/div>\t\t\t\t\t\t\t\t<\/div>\n\t\t\t\t\t<\/div>\n\t\t\t\t<\/div>\n\t\t\t\t<\/div>","protected":false},"excerpt":{"rendered":"<p>Na\u0161a ekipa usposobljenih serviserjev skrbi za brezhibno delovanje va\u0161ih strojev. Vsak od njih se redno usposablja v servisnih centrih Bobcat in Develon. Na\u0161a mobilna servisna vozila so opremljena s potrebnim orodjem za izvajanje nujnih popravil. Na\u0161e servisne baze v dr\u017eavi imajo specializirano opremo in sodobno diagnosti\u010dno opremo [\u2026]<\/p>","protected":false},"author":1,"featured_media":33441005,"parent":0,"menu_order":0,"comment_status":"closed","ping_status":"closed","template":"","meta":{"_acf_changed":false,"pgc_sgb_lightbox_settings":"","footnotes":""},"class_list":["post-33440880","page","type-page","status-publish","has-post-thumbnail","hentry"],"acf":[],"featured_image_src":"https:\/\/develon.si\/wp-content\/uploads\/2026\/03\/megatron-serviz-dusan.jpg","_links":{"self":[{"href":"https:\/\/develon.si\/sl\/wp-json\/wp\/v2\/pages\/33440880","targetHints":{"allow":["GET"]}}],"collection":[{"href":"https:\/\/develon.si\/sl\/wp-json\/wp\/v2\/pages"}],"about":[{"href":"https:\/\/develon.si\/sl\/wp-json\/wp\/v2\/types\/page"}],"author":[{"embeddable":true,"href":"https:\/\/develon.si\/sl\/wp-json\/wp\/v2\/users\/1"}],"replies":[{"embeddable":true,"href":"https:\/\/develon.si\/sl\/wp-json\/wp\/v2\/comments?post=33440880"}],"version-history":[{"count":19,"href":"https:\/\/develon.si\/sl\/wp-json\/wp\/v2\/pages\/33440880\/revisions"}],"predecessor-version":[{"id":33515774,"href":"https:\/\/develon.si\/sl\/wp-json\/wp\/v2\/pages\/33440880\/revisions\/33515774"}],"wp:featuredmedia":[{"embeddable":true,"href":"https:\/\/develon.si\/sl\/wp-json\/wp\/v2\/media\/33441005"}],"wp:attachment":[{"href":"https:\/\/develon.si\/sl\/wp-json\/wp\/v2\/media?parent=33440880"}],"curies":[{"name":"wp","href":"https:\/\/api.w.org\/{rel}","templated":true}]}}