{"id":33440886,"date":"2026-03-16T09:25:20","date_gmt":"2026-03-16T09:25:20","guid":{"rendered":"https:\/\/develon.agma.bg\/?page_id=33440886"},"modified":"2026-04-29T07:52:04","modified_gmt":"2026-04-29T07:52:04","slug":"zapitvane","status":"publish","type":"page","link":"https:\/\/develon.si\/sl\/zapitvane\/","title":{"rendered":"Povpra\u0161evanje"},"content":{"rendered":"<div data-elementor-type=\"wp-page\" data-elementor-id=\"33440886\" class=\"elementor elementor-33440886\" data-elementor-post-type=\"page\">\n\t\t\t\t<div class=\"elementor-element elementor-element-aad3834 hero-overlay e-flex e-con-boxed e-con e-parent\" data-id=\"aad3834\" data-element_type=\"container\" data-e-type=\"container\" data-settings=\"{&quot;background_background&quot;:&quot;classic&quot;}\">\n\t\t\t\t\t<div class=\"e-con-inner\">\n\t\t\t\t<div class=\"elementor-element elementor-element-b367f44 elementor-widget elementor-widget-heading\" data-id=\"b367f44\" data-element_type=\"widget\" data-e-type=\"widget\" data-widget_type=\"heading.default\">\n\t\t\t\t\t<h1 class=\"elementor-heading-title elementor-size-default\">Povpra\u0161evanje<\/h1>\t\t\t\t<\/div>\n\t\t\t\t\t<\/div>\n\t\t\t\t<\/div>\n\t\t<div class=\"elementor-element elementor-element-8c0715f e-flex e-con-boxed e-con e-parent\" data-id=\"8c0715f\" data-element_type=\"container\" data-e-type=\"container\">\n\t\t\t\t\t<div class=\"e-con-inner\">\n\t\t\t\t<div class=\"elementor-element elementor-element-62da130 elementor-widget elementor-widget-html\" data-id=\"62da130\" data-element_type=\"widget\" data-e-type=\"widget\" data-widget_type=\"html.default\">\n\t\t\t\t\t<link rel=\"stylesheet\" href=\"https:\/\/cdnjs.cloudflare.com\/ajax\/libs\/font-awesome\/6.5.1\/css\/all.min.css\" integrity=\"sha512-...\" crossorigin=\"anonymous\" referrerpolicy=\"no-referrer\" \/>\t\t\t\t<\/div>\n\t\t\t\t\t<\/div>\n\t\t\t\t<\/div>\n\t\t<div class=\"elementor-element elementor-element-f4e3c7a e-flex e-con-boxed e-con e-parent\" data-id=\"f4e3c7a\" data-element_type=\"container\" data-e-type=\"container\">\n\t\t\t\t\t<div class=\"e-con-inner\">\n\t\t\t\t<div class=\"elementor-element elementor-element-9b78a62 elementor-widget elementor-widget-heading\" data-id=\"9b78a62\" data-element_type=\"widget\" data-e-type=\"widget\" data-widget_type=\"heading.default\">\n\t\t\t\t\t<h2 class=\"elementor-heading-title elementor-size-default\">Kontaktirajte nas:<\/h2>\t\t\t\t<\/div>\n\t\t\t\t<div class=\"elementor-element elementor-element-e767c50 elementor-widget elementor-widget-shortcode\" data-id=\"e767c50\" data-element_type=\"widget\" data-e-type=\"widget\" data-widget_type=\"shortcode.default\">\n\t\t\t\t\t\t\t<div class=\"elementor-shortcode\">\n<div class=\"wpcf7 no-js\" id=\"wpcf7-f33514384-o1\" lang=\"en-US\" dir=\"ltr\" data-wpcf7-id=\"33514384\">\n<div class=\"screen-reader-response\"><p role=\"status\" aria-live=\"polite\" aria-atomic=\"true\"><\/p> <ul><\/ul><\/div>\n<form action=\"\/sl\/wp-json\/wp\/v2\/pages\/33440886#wpcf7-f33514384-o1\" method=\"post\" class=\"wpcf7-form init\" aria-label=\"Contact form\" novalidate=\"novalidate\" data-status=\"init\" data-trp-original-action=\"\/sl\/wp-json\/wp\/v2\/pages\/33440886#wpcf7-f33514384-o1\">\n<fieldset class=\"hidden-fields-container\"><input type=\"hidden\" name=\"_wpcf7\" value=\"33514384\" \/><input type=\"hidden\" name=\"_wpcf7_version\" value=\"6.1.5\" \/><input type=\"hidden\" name=\"_wpcf7_locale\" value=\"en_US\" \/><input type=\"hidden\" name=\"_wpcf7_unit_tag\" value=\"wpcf7-f33514384-o1\" \/><input type=\"hidden\" name=\"_wpcf7_container_post\" value=\"0\" \/><input type=\"hidden\" name=\"_wpcf7_posted_data_hash\" value=\"\" \/>\n<\/fieldset>\n<div class=\"custom-contact-form-final\">\n\t<p class=\"form-field\"><br \/>\n<label for=\"cf7-ime\">Ime in priimek*<\/label><br \/>\n<span class=\"input-group\"><br \/>\n<span class=\"icon\"><i class=\"fa-solid fa-user\"><\/i><\/span><br \/>\n<span class=\"wpcf7-form-control-wrap\" data-name=\"ime\"><input size=\"40\" maxlength=\"400\" class=\"wpcf7-form-control wpcf7-text wpcf7-validates-as-required\" id=\"cf7-ime\" aria-required=\"true\" aria-invalid=\"false\" placeholder=\"Ime in priimek\" value=\"\" type=\"text\" name=\"ime\" \/><\/span><br \/>\n<\/span>\n\t<\/p>\n\t<p class=\"form-field\"><br \/>\n<label for=\"cf7-firma\">Podjetje \/ Organizacija*<\/label><br \/>\n<span class=\"input-group\"><br \/>\n<span class=\"icon\"><i class=\"fa-solid fa-users\"><\/i><\/span><br \/>\n<span class=\"wpcf7-form-control-wrap\" data-name=\"firma\"><input size=\"40\" maxlength=\"400\" class=\"wpcf7-form-control wpcf7-text wpcf7-validates-as-required\" id=\"cf7-firma\" aria-required=\"true\" aria-invalid=\"false\" placeholder=\"Podjetje \/ Organizacija\" value=\"\" type=\"text\" name=\"firma\" \/><\/span><br \/>\n<\/span>\n\t<\/p>\n\t<p class=\"form-field\"><br \/>\n<label for=\"cf7-email\">E-po\u0161tni naslov*<\/label><br \/>\n<span class=\"input-group\"><br \/>\n<span class=\"icon\"><i class=\"fa-solid fa-envelope\"><\/i><\/span><br \/>\n<span class=\"wpcf7-form-control-wrap\" data-name=\"email\"><input size=\"40\" maxlength=\"400\" class=\"wpcf7-form-control wpcf7-email wpcf7-validates-as-required wpcf7-text wpcf7-validates-as-email\" id=\"cf7-email\" aria-required=\"true\" aria-invalid=\"false\" placeholder=\"E-po\u0161tni naslov\" value=\"\" type=\"email\" name=\"email\" \/><\/span><br \/>\n<\/span>\n\t<\/p>\n\t<p class=\"form-field\"><br \/>\n<label for=\"cf7-telefon\">Telefonska \u0161tevilka*<\/label><br \/>\n<span class=\"input-group\"><br \/>\n<span class=\"icon\"><i class=\"fa-solid fa-phone\"><\/i><\/span><br \/>\n<span class=\"wpcf7-form-control-wrap\" data-name=\"telefon\"><input size=\"40\" maxlength=\"400\" class=\"wpcf7-form-control wpcf7-tel wpcf7-validates-as-required wpcf7-text wpcf7-validates-as-tel\" id=\"cf7-telefon\" aria-required=\"true\" aria-invalid=\"false\" placeholder=\"Telefonska \u0161tevilka\" value=\"\" type=\"tel\" name=\"telefon\" \/><\/span><br \/>\n<\/span>\n\t<\/p>\n\t<p class=\"form-field\"><br \/>\n<label for=\"cf7-adres\">Naslov za korespondenco<\/label><br \/>\n<span class=\"input-group\"><br \/>\n<span class=\"icon\"><i class=\"fa-solid fa-address-card\"><\/i><\/span><br \/>\n<span class=\"wpcf7-form-control-wrap\" data-name=\"adres\"><input size=\"40\" maxlength=\"400\" class=\"wpcf7-form-control wpcf7-text\" id=\"cf7-adres\" aria-invalid=\"false\" placeholder=\"Naslov za korespondenco\" value=\"\" type=\"text\" name=\"adres\" \/><\/span><br \/>\n<\/span>\n\t<\/p>\n\t<p class=\"form-field\"><br \/>\n<label for=\"cf7-kategoria\">Kategorija<\/label><br \/>\n<span class=\"input-group\"><br \/>\n<span class=\"icon\"><i class=\"fa-solid fa-list\"><\/i><\/span><br \/>\n<span class=\"wpcf7-form-control-wrap\" data-name=\"kategorija\"><select class=\"wpcf7-form-control wpcf7-select\" id=\"cf7-kategorija\" aria-invalid=\"false\" name=\"kategorija\"><option value=\"--- Izberite ---\">--- Izberi ---<\/option><option value=\"Goseni\u010dni bagri\">Goseni\u010dni bagri<\/option><option value=\"Kolesni bagri\">Kolesni bagri<\/option><option value=\"\u010celni nakladalniki\">\u010celni nakladalniki<\/option><option value=\"Mini bagri\">Mini bagri<\/option><option value=\"Zglobni demperji\">Zglobni prekucniki<\/option><option value=\"Doosan prenosno napajanje\">Prenosni napajalnik Doosan<\/option><option value=\"Pametna re\u0161itev\">Pametna re\u0161itev<\/option><\/select><\/span><br \/>\n<\/span>\n\t<\/p>\n\t<p class=\"form-field full-width\"><br \/>\n<label>*Izberite svoje obmo\u010dje(-a):<\/label>\n\t<\/p>\n\t<p><span class=\"checkbox-grid\"><br \/>\n<span class=\"wpcf7-form-control-wrap\" data-name=\"sfera\"><span class=\"wpcf7-form-control wpcf7-checkbox wpcf7-validates-as-required\"><span class=\"wpcf7-list-item first\"><label><input type=\"checkbox\" name=\"sfera[]\" value=\"Industrijska gradnja\" \/><span class=\"wpcf7-list-item-label\">Industrijska gradnja<\/span><\/label><\/span><span class=\"wpcf7-list-item\"><label><input type=\"checkbox\" name=\"sfera[]\" value=\"Infrastrukturna gradnja\" \/><span class=\"wpcf7-list-item-label\">Gradnja infrastrukture<\/span><\/label><\/span><span class=\"wpcf7-list-item\"><label><input type=\"checkbox\" name=\"sfera[]\" value=\"Visokogradnja\" \/><span class=\"wpcf7-list-item-label\">Visoka gradnja<\/span><\/label><\/span><span class=\"wpcf7-list-item\"><label><input type=\"checkbox\" name=\"sfera[]\" value=\"Energetska gradnja\" \/><span class=\"wpcf7-list-item-label\">Energetska gradnja<\/span><\/label><\/span><span class=\"wpcf7-list-item\"><label><input type=\"checkbox\" name=\"sfera[]\" value=\"Vodno gospodarstvo\" \/><span class=\"wpcf7-list-item-label\">Vodno gospodarstvo<\/span><\/label><\/span><span class=\"wpcf7-list-item\"><label><input type=\"checkbox\" name=\"sfera[]\" value=\"Rudarska dejavnost\" \/><span class=\"wpcf7-list-item-label\">Rudarska dejavnost<\/span><\/label><\/span><span class=\"wpcf7-list-item\"><label><input type=\"checkbox\" name=\"sfera[]\" value=\"Urejanje parkov\" \/><span class=\"wpcf7-list-item-label\">Urejanje parkov<\/span><\/label><\/span><span class=\"wpcf7-list-item\"><label><input type=\"checkbox\" name=\"sfera[]\" value=\"Recikliranje\" \/><span class=\"wpcf7-list-item-label\">Recikliranje<\/span><\/label><\/span><span class=\"wpcf7-list-item\"><label><input type=\"checkbox\" name=\"sfera[]\" value=\"Komunalne storitve in \u010di\u0161\u010denje snega\" \/><span class=\"wpcf7-list-item-label\">Komunalne storitve in \u010dru\u0161enje snega<\/span><\/label><\/span><span class=\"wpcf7-list-item last\"><label><input type=\"checkbox\" name=\"sfera[]\" value=\"Kmetijstvo\" \/><span class=\"wpcf7-list-item-label\">Kmetijstvo<\/span><\/label><\/span><\/span><\/span><br \/>\n<\/span>\n\t<\/p>\n\t<p class=\"form-field\"><br \/>\n<label for=\"cf7-dopalnitelna-informacia\">Dodatne informacije<\/label><br \/>\n<span class=\"wpcf7-form-control-wrap\" data-name=\"dopalnitelna-informacia\"><textarea cols=\"40\" rows=\"5\" maxlength=\"2000\" class=\"wpcf7-form-control wpcf7-textarea\" id=\"cf7-dopalnitelna-informacia\" aria-invalid=\"false\" placeholder=\"Dodatne informacije\" name=\"dopalnitelna-informacia\"><\/textarea><\/span>\n\t<\/p>\n<input class=\"wpcf7-form-control wpcf7-hidden\" id=\"page_url\" value=\"\" type=\"hidden\" name=\"page_url\" \/>\n\t<p class=\"submit-wrapper\"><br \/>\n<input class=\"wpcf7-form-control wpcf7-submit has-spinner cf7-submit\" type=\"submit\" value=\"Po\u0161ljite svoje povpra\u0161evanje\" \/>\n\t<\/p>\n<\/div><div class=\"wpcf7-response-output\" aria-hidden=\"true\"><\/div>\n<input type=\"hidden\" name=\"trp-form-language\" value=\"sl\"\/><\/form>\n<\/div>\n<\/div>\n\t\t\t\t\t\t<\/div>\n\t\t\t\t\t<\/div>\n\t\t\t\t<\/div>\n\t\t\t\t<\/div>","protected":false},"excerpt":{"rendered":"<p>Kontaktirajte nas:<\/p>","protected":false},"author":1,"featured_media":33440967,"parent":0,"menu_order":0,"comment_status":"closed","ping_status":"closed","template":"","meta":{"_acf_changed":false,"pgc_sgb_lightbox_settings":"","footnotes":""},"class_list":["post-33440886","page","type-page","status-publish","has-post-thumbnail","hentry"],"acf":[],"featured_image_src":"https:\/\/develon.si\/wp-content\/uploads\/2026\/03\/megatron-bazi.jpg","_links":{"self":[{"href":"https:\/\/develon.si\/sl\/wp-json\/wp\/v2\/pages\/33440886","targetHints":{"allow":["GET"]}}],"collection":[{"href":"https:\/\/develon.si\/sl\/wp-json\/wp\/v2\/pages"}],"about":[{"href":"https:\/\/develon.si\/sl\/wp-json\/wp\/v2\/types\/page"}],"author":[{"embeddable":true,"href":"https:\/\/develon.si\/sl\/wp-json\/wp\/v2\/users\/1"}],"replies":[{"embeddable":true,"href":"https:\/\/develon.si\/sl\/wp-json\/wp\/v2\/comments?post=33440886"}],"version-history":[{"count":16,"href":"https:\/\/develon.si\/sl\/wp-json\/wp\/v2\/pages\/33440886\/revisions"}],"predecessor-version":[{"id":33515664,"href":"https:\/\/develon.si\/sl\/wp-json\/wp\/v2\/pages\/33440886\/revisions\/33515664"}],"wp:featuredmedia":[{"embeddable":true,"href":"https:\/\/develon.si\/sl\/wp-json\/wp\/v2\/media\/33440967"}],"wp:attachment":[{"href":"https:\/\/develon.si\/sl\/wp-json\/wp\/v2\/media?parent=33440886"}],"curies":[{"name":"wp","href":"https:\/\/api.w.org\/{rel}","templated":true}]}}