{"id":33441037,"date":"2026-03-19T10:19:09","date_gmt":"2026-03-19T10:19:09","guid":{"rendered":"https:\/\/develon.agma.bg\/?page_id=33441037"},"modified":"2026-04-29T07:51:11","modified_gmt":"2026-04-29T07:51:11","slug":"inovatsii","status":"publish","type":"page","link":"https:\/\/develon.si\/sl\/inovatsii\/","title":{"rendered":"Inovacije"},"content":{"rendered":"<div data-elementor-type=\"wp-page\" data-elementor-id=\"33441037\" class=\"elementor elementor-33441037\" data-elementor-post-type=\"page\">\n\t\t\t\t<div class=\"elementor-element elementor-element-de67d32 hero-overlay e-flex e-con-boxed e-con e-parent\" data-id=\"de67d32\" data-element_type=\"container\" data-e-type=\"container\" data-settings=\"{&quot;background_background&quot;:&quot;classic&quot;}\">\n\t\t\t\t\t<div class=\"e-con-inner\">\n\t\t\t\t<div class=\"elementor-element elementor-element-9f4f341 elementor-widget elementor-widget-heading\" data-id=\"9f4f341\" data-element_type=\"widget\" data-e-type=\"widget\" data-widget_type=\"heading.default\">\n\t\t\t\t\t<h1 class=\"elementor-heading-title elementor-size-default\">Inovacije<\/h1>\t\t\t\t<\/div>\n\t\t\t\t\t<\/div>\n\t\t\t\t<\/div>\n\t\t<div class=\"elementor-element elementor-element-387ceac e-flex e-con-boxed e-con e-parent\" data-id=\"387ceac\" data-element_type=\"container\" data-e-type=\"container\">\n\t\t\t\t\t<div class=\"e-con-inner\">\n\t\t<div class=\"elementor-element elementor-element-5d3be87 e-con-full e-flex e-con e-child\" data-id=\"5d3be87\" data-element_type=\"container\" data-e-type=\"container\">\n\t\t<div class=\"elementor-element elementor-element-c5ff875 e-con-full e-flex e-con e-child\" data-id=\"c5ff875\" data-element_type=\"container\" data-e-type=\"container\">\n\t\t\t\t<div class=\"elementor-element elementor-element-3eb725f elementor-widget elementor-widget-heading\" data-id=\"3eb725f\" data-element_type=\"widget\" data-e-type=\"widget\" data-widget_type=\"heading.default\">\n\t\t\t\t\t<h2 class=\"elementor-heading-title elementor-size-default\">Koncept-X<\/h2>\t\t\t\t<\/div>\n\t\t\t\t<div class=\"elementor-element elementor-element-26031e4 elementor-widget elementor-widget-text-editor\" data-id=\"26031e4\" data-element_type=\"widget\" data-e-type=\"widget\" data-widget_type=\"text-editor.default\">\n\t\t\t\t\t\t\t\t\t<div class=\"col-md-12 hc_text_block_cnt\"><div id=\"1jewX\" class=\"no-paddings\">Develonov cilj je uvajanje inovacij v proizvodnjo gradbenih strojev in ustvarjanje trajnostne vrednosti za stranke z digitalno transformacijo poslovanja, ne le z uvajanjem digitalnih tehnologij. Concept-X bo uspe\u0161no spodbudil va\u0161e poslovanje s pove\u010danjem produktivnosti, zmanj\u0161anjem stro\u0161kov in tveganj na gradbi\u0161\u010du.<\/div><\/div>\t\t\t\t\t\t\t\t<\/div>\n\t\t\t\t<\/div>\n\t\t<div class=\"elementor-element elementor-element-afdb138 e-con-full e-flex e-con e-child\" data-id=\"afdb138\" data-element_type=\"container\" data-e-type=\"container\">\n\t\t\t\t<div class=\"elementor-element elementor-element-89393e0 elementor-widget elementor-widget-image\" data-id=\"89393e0\" data-element_type=\"widget\" data-e-type=\"widget\" data-widget_type=\"image.default\">\n\t\t\t\t\t\t\t\t\t\t\t\t\t\t\t<img fetchpriority=\"high\" decoding=\"async\" width=\"600\" height=\"335\" src=\"https:\/\/develon.si\/wp-content\/uploads\/2026\/03\/concept-x-1-e1698316635661.jpg\" class=\"attachment-large size-large wp-image-33441048\" alt=\"\" srcset=\"https:\/\/develon.si\/wp-content\/uploads\/2026\/03\/concept-x-1-e1698316635661.jpg 600w, https:\/\/develon.si\/wp-content\/uploads\/2026\/03\/concept-x-1-e1698316635661-300x168.jpg 300w, https:\/\/develon.si\/wp-content\/uploads\/2026\/03\/concept-x-1-e1698316635661-280x156.jpg 280w\" sizes=\"(max-width: 600px) 100vw, 600px\" \/>\t\t\t\t\t\t\t\t\t\t\t\t\t\t\t<\/div>\n\t\t\t\t<\/div>\n\t\t\t\t<\/div>\n\t\t<div class=\"elementor-element elementor-element-8d7cbb2 e-con-full e-flex e-con e-child\" data-id=\"8d7cbb2\" data-element_type=\"container\" data-e-type=\"container\">\n\t\t\t\t<div class=\"elementor-element elementor-element-396cbc5 elementor-align-center elementor-widget elementor-widget-button\" data-id=\"396cbc5\" data-element_type=\"widget\" data-e-type=\"widget\" data-widget_type=\"button.default\">\n\t\t\t\t\t\t\t\t\t\t<a class=\"elementor-button elementor-button-link elementor-size-sm\" href=\"https:\/\/develon.si\/sl\/inovatsii\/kontseptsia-x\/\">\n\t\t\t\t\t\t<span class=\"elementor-button-content-wrapper\">\n\t\t\t\t\t\t\t\t\t<span class=\"elementor-button-text\">Ve\u010d o Concept-X<\/span>\n\t\t\t\t\t<\/span>\n\t\t\t\t\t<\/a>\n\t\t\t\t\t\t\t\t<\/div>\n\t\t\t\t<\/div>\n\t\t\t\t\t<\/div>\n\t\t\t\t<\/div>\n\t\t<div class=\"elementor-element elementor-element-1db1599 e-flex e-con-boxed e-con e-parent\" data-id=\"1db1599\" data-element_type=\"container\" data-e-type=\"container\">\n\t\t\t\t\t<div class=\"e-con-inner\">\n\t\t<div class=\"elementor-element elementor-element-1259944 e-con-full e-flex e-con e-child\" data-id=\"1259944\" data-element_type=\"container\" data-e-type=\"container\">\n\t\t<div class=\"elementor-element elementor-element-bbffdc3 e-con-full e-flex e-con e-child\" data-id=\"bbffdc3\" data-element_type=\"container\" data-e-type=\"container\">\n\t\t\t\t<div class=\"elementor-element elementor-element-bfe5b7f elementor-widget elementor-widget-heading\" data-id=\"bfe5b7f\" data-element_type=\"widget\" data-e-type=\"widget\" data-widget_type=\"heading.default\">\n\t\t\t\t\t<h2 class=\"elementor-heading-title elementor-size-default\">Digitalna platforma &#039;DEVELON Digital Platform&#039;\n<\/h2>\t\t\t\t<\/div>\n\t\t\t\t<div class=\"elementor-element elementor-element-5ecdb14 elementor-widget elementor-widget-text-editor\" data-id=\"5ecdb14\" data-element_type=\"widget\" data-e-type=\"widget\" data-widget_type=\"text-editor.default\">\n\t\t\t\t\t\t\t\t\t<div class=\"col-md-12 hc_text_block_cnt\"><div id=\"1jewX\" class=\"no-paddings\"><div class=\"col-md-12 hc_text_block_cnt\"><div id=\"mIzpq\" class=\"no-paddings\">\u00bbDEVELON Digital Platform\u00ab je mobilna aplikacija, ki ponuja popolno upravljanje gradbene opreme Develon. Vse, kar je povezano z upravljanjem va\u0161ega stroja, lahko opravite na enem mestu.<\/div><\/div><\/div><\/div>\t\t\t\t\t\t\t\t<\/div>\n\t\t\t\t<\/div>\n\t\t<div class=\"elementor-element elementor-element-a720306 e-con-full e-flex e-con e-child\" data-id=\"a720306\" data-element_type=\"container\" data-e-type=\"container\">\n\t\t\t\t<div class=\"elementor-element elementor-element-559b942 elementor-widget elementor-widget-image\" data-id=\"559b942\" data-element_type=\"widget\" data-e-type=\"widget\" data-widget_type=\"image.default\">\n\t\t\t\t\t\t\t\t\t\t\t\t\t\t\t<img decoding=\"async\" width=\"600\" height=\"346\" src=\"https:\/\/develon.si\/wp-content\/uploads\/2026\/03\/innovation-digital-platform-2-e1698319751867.webp\" class=\"attachment-large size-large wp-image-33514651\" alt=\"\" srcset=\"https:\/\/develon.si\/wp-content\/uploads\/2026\/03\/innovation-digital-platform-2-e1698319751867.webp 600w, https:\/\/develon.si\/wp-content\/uploads\/2026\/03\/innovation-digital-platform-2-e1698319751867-300x173.webp 300w, https:\/\/develon.si\/wp-content\/uploads\/2026\/03\/innovation-digital-platform-2-e1698319751867-277x160.webp 277w\" sizes=\"(max-width: 600px) 100vw, 600px\" \/>\t\t\t\t\t\t\t\t\t\t\t\t\t\t\t<\/div>\n\t\t\t\t<\/div>\n\t\t\t\t<\/div>\n\t\t<div class=\"elementor-element elementor-element-b3130c0 e-con-full e-flex e-con e-child\" data-id=\"b3130c0\" data-element_type=\"container\" data-e-type=\"container\">\n\t\t\t\t<div class=\"elementor-element elementor-element-4fdc281 elementor-align-center elementor-widget elementor-widget-button\" data-id=\"4fdc281\" data-element_type=\"widget\" data-e-type=\"widget\" data-widget_type=\"button.default\">\n\t\t\t\t\t\t\t\t\t\t<a class=\"elementor-button elementor-button-link elementor-size-sm\" href=\"https:\/\/develon.si\/sl\/inovatsii\/develon-digitalna-platforma\/\">\n\t\t\t\t\t\t<span class=\"elementor-button-content-wrapper\">\n\t\t\t\t\t\t\t\t\t<span class=\"elementor-button-text\">Ve\u010d o digitalni platformi<\/span>\n\t\t\t\t\t<\/span>\n\t\t\t\t\t<\/a>\n\t\t\t\t\t\t\t\t<\/div>\n\t\t\t\t<\/div>\n\t\t\t\t\t<\/div>\n\t\t\t\t<\/div>\n\t\t<div class=\"elementor-element elementor-element-0a2a0e2 e-flex e-con-boxed e-con e-parent\" data-id=\"0a2a0e2\" data-element_type=\"container\" data-e-type=\"container\">\n\t\t\t\t\t<div class=\"e-con-inner\">\n\t\t<div class=\"elementor-element elementor-element-c2c25fe e-con-full e-flex e-con e-child\" data-id=\"c2c25fe\" data-element_type=\"container\" data-e-type=\"container\">\n\t\t<div class=\"elementor-element elementor-element-05ba4a6 e-con-full e-flex e-con e-child\" data-id=\"05ba4a6\" data-element_type=\"container\" data-e-type=\"container\">\n\t\t\t\t<div class=\"elementor-element elementor-element-6f58a19 elementor-widget elementor-widget-heading\" data-id=\"6f58a19\" data-element_type=\"widget\" data-e-type=\"widget\" data-widget_type=\"heading.default\">\n\t\t\t\t\t<h2 class=\"elementor-heading-title elementor-size-default\">Koncept-X2<\/h2>\t\t\t\t<\/div>\n\t\t\t\t<div class=\"elementor-element elementor-element-f1ed8ae elementor-widget elementor-widget-text-editor\" data-id=\"f1ed8ae\" data-element_type=\"widget\" data-e-type=\"widget\" data-widget_type=\"text-editor.default\">\n\t\t\t\t\t\t\t\t\t<div class=\"col-md-12 hc_text_block_cnt\"><div id=\"1jewX\" class=\"no-paddings\"><div class=\"col-md-12 hc_text_block_cnt\"><div id=\"mIzpq\" class=\"no-paddings\"><div class=\"col-md-12 hc_text_block_cnt\"><div id=\"NxnYi\" class=\"\">DEVELON-ov Concept-X2 s pomo\u010djo mo\u010di tehnologije v kombinaciji s \u010dlove\u0161kimi inovacijami revolucionira gradbeno industrijo. Projekt, ki ga vodi pristop, osredoto\u010den na stranko, se osredoto\u010da na zagotavljanje konkretnih koristi na\u0161im strankam.<\/div><\/div><\/div><\/div><\/div><\/div>\t\t\t\t\t\t\t\t<\/div>\n\t\t\t\t<\/div>\n\t\t<div class=\"elementor-element elementor-element-85ed2be e-con-full e-flex e-con e-child\" data-id=\"85ed2be\" data-element_type=\"container\" data-e-type=\"container\">\n\t\t\t\t<div class=\"elementor-element elementor-element-8ec245e elementor-widget elementor-widget-image\" data-id=\"8ec245e\" data-element_type=\"widget\" data-e-type=\"widget\" data-widget_type=\"image.default\">\n\t\t\t\t\t\t\t\t\t\t\t\t\t\t\t<img decoding=\"async\" width=\"600\" height=\"335\" src=\"https:\/\/develon.si\/wp-content\/uploads\/2026\/03\/innovation-page-concept-x2-1-1.webp\" class=\"attachment-large size-large wp-image-33514652\" alt=\"\" srcset=\"https:\/\/develon.si\/wp-content\/uploads\/2026\/03\/innovation-page-concept-x2-1-1.webp 600w, https:\/\/develon.si\/wp-content\/uploads\/2026\/03\/innovation-page-concept-x2-1-1-300x168.webp 300w, https:\/\/develon.si\/wp-content\/uploads\/2026\/03\/innovation-page-concept-x2-1-1-280x156.webp 280w\" sizes=\"(max-width: 600px) 100vw, 600px\" \/>\t\t\t\t\t\t\t\t\t\t\t\t\t\t\t<\/div>\n\t\t\t\t<\/div>\n\t\t\t\t<\/div>\n\t\t<div class=\"elementor-element elementor-element-51fa4b7 e-con-full e-flex e-con e-child\" data-id=\"51fa4b7\" data-element_type=\"container\" data-e-type=\"container\">\n\t\t\t\t<div class=\"elementor-element elementor-element-33b5c95 elementor-align-center elementor-widget elementor-widget-button\" data-id=\"33b5c95\" data-element_type=\"widget\" data-e-type=\"widget\" data-widget_type=\"button.default\">\n\t\t\t\t\t\t\t\t\t\t<a class=\"elementor-button elementor-button-link elementor-size-sm\" href=\"https:\/\/develon.si\/sl\/inovatsii\/kontseptsia-x2\/\">\n\t\t\t\t\t\t<span class=\"elementor-button-content-wrapper\">\n\t\t\t\t\t\t\t\t\t<span class=\"elementor-button-text\">Ve\u010d o Concept-X2<\/span>\n\t\t\t\t\t<\/span>\n\t\t\t\t\t<\/a>\n\t\t\t\t\t\t\t\t<\/div>\n\t\t\t\t<\/div>\n\t\t\t\t\t<\/div>\n\t\t\t\t<\/div>\n\t\t<div class=\"elementor-element elementor-element-7d3ead9 e-flex e-con-boxed e-con e-parent\" data-id=\"7d3ead9\" data-element_type=\"container\" data-e-type=\"container\">\n\t\t\t\t\t<div class=\"e-con-inner\">\n\t\t<div class=\"elementor-element elementor-element-1defa6d e-con-full e-flex e-con e-child\" data-id=\"1defa6d\" data-element_type=\"container\" data-e-type=\"container\">\n\t\t<div class=\"elementor-element elementor-element-4dadcd1 e-con-full e-flex e-con e-child\" data-id=\"4dadcd1\" data-element_type=\"container\" data-e-type=\"container\">\n\t\t\t\t<div class=\"elementor-element elementor-element-119f943 elementor-widget elementor-widget-heading\" data-id=\"119f943\" data-element_type=\"widget\" data-e-type=\"widget\" data-widget_type=\"heading.default\">\n\t\t\t\t\t<h2 class=\"elementor-heading-title elementor-size-default\">XiteCloud<\/h2>\t\t\t\t<\/div>\n\t\t\t\t<div class=\"elementor-element elementor-element-90f6cea elementor-widget elementor-widget-text-editor\" data-id=\"90f6cea\" data-element_type=\"widget\" data-e-type=\"widget\" data-widget_type=\"text-editor.default\">\n\t\t\t\t\t\t\t\t\t<div class=\"col-md-12 hc_text_block_cnt\"><div id=\"1jewX\" class=\"no-paddings\"><div class=\"col-md-12 hc_text_block_cnt\"><div id=\"mIzpq\" class=\"no-paddings\"><div class=\"col-md-12 hc_text_block_cnt\"><div id=\"NxnYi\" class=\"\"><div class=\"col-md-12 hc_text_block_cnt\"><div id=\"K1xrP\" class=\"\">XiteCloud je celovita platforma za pametno gradnjo in prvi korak k uresni\u010ditvi projekta &#039;Concept-X&#039;. Z re\u0161itvami XiteCloud lahko stranka upravlja ve\u010d nalog, kot so geodetske meritve, analiza terena, nakup strojev, upravljanje opreme in upravljanje gradnje na eni sami platformi, s \u010dimer se zmanj\u0161ajo stro\u0161ki gradnje in prihrani \u010das, hkrati pa se pove\u010da natan\u010dnost dela, kar posledi\u010dno pove\u010da produktivnost.<\/div><\/div><\/div><\/div><\/div><\/div><\/div><\/div>\t\t\t\t\t\t\t\t<\/div>\n\t\t\t\t<\/div>\n\t\t<div class=\"elementor-element elementor-element-f51b591 e-con-full e-flex e-con e-child\" data-id=\"f51b591\" data-element_type=\"container\" data-e-type=\"container\">\n\t\t\t\t<div class=\"elementor-element elementor-element-d87c532 elementor-widget elementor-widget-image\" data-id=\"d87c532\" data-element_type=\"widget\" data-e-type=\"widget\" data-widget_type=\"image.default\">\n\t\t\t\t\t\t\t\t\t\t\t\t\t\t\t<img loading=\"lazy\" decoding=\"async\" width=\"800\" height=\"447\" src=\"https:\/\/develon.si\/wp-content\/uploads\/2026\/03\/innovation-page-xitecloud-1.webp\" class=\"attachment-large size-large wp-image-33514627\" alt=\"\" srcset=\"https:\/\/develon.si\/wp-content\/uploads\/2026\/03\/innovation-page-xitecloud-1.webp 860w, https:\/\/develon.si\/wp-content\/uploads\/2026\/03\/innovation-page-xitecloud-1-300x167.webp 300w, https:\/\/develon.si\/wp-content\/uploads\/2026\/03\/innovation-page-xitecloud-1-768x429.webp 768w, https:\/\/develon.si\/wp-content\/uploads\/2026\/03\/innovation-page-xitecloud-1-600x335.webp 600w, https:\/\/develon.si\/wp-content\/uploads\/2026\/03\/innovation-page-xitecloud-1-280x156.webp 280w\" sizes=\"(max-width: 800px) 100vw, 800px\" \/>\t\t\t\t\t\t\t\t\t\t\t\t\t\t\t<\/div>\n\t\t\t\t<\/div>\n\t\t\t\t<\/div>\n\t\t<div class=\"elementor-element elementor-element-28d4af5 e-con-full e-flex e-con e-child\" data-id=\"28d4af5\" data-element_type=\"container\" data-e-type=\"container\">\n\t\t\t\t<div class=\"elementor-element elementor-element-7e36345 elementor-align-center elementor-widget elementor-widget-button\" data-id=\"7e36345\" data-element_type=\"widget\" data-e-type=\"widget\" data-widget_type=\"button.default\">\n\t\t\t\t\t\t\t\t\t\t<a class=\"elementor-button elementor-button-link elementor-size-sm\" href=\"https:\/\/develon.si\/sl\/inovatsii\/xitecloud\/\">\n\t\t\t\t\t\t<span class=\"elementor-button-content-wrapper\">\n\t\t\t\t\t\t\t\t\t<span class=\"elementor-button-text\">Ve\u010d o XiteCloudu<\/span>\n\t\t\t\t\t<\/span>\n\t\t\t\t\t<\/a>\n\t\t\t\t\t\t\t\t<\/div>\n\t\t\t\t<\/div>\n\t\t\t\t\t<\/div>\n\t\t\t\t<\/div>\n\t\t<div class=\"elementor-element elementor-element-6ee15cd e-flex e-con-boxed e-con e-parent\" data-id=\"6ee15cd\" data-element_type=\"container\" data-e-type=\"container\">\n\t\t\t\t\t<div class=\"e-con-inner\">\n\t\t<div class=\"elementor-element elementor-element-52f4f90 e-con-full e-flex e-con e-child\" data-id=\"52f4f90\" data-element_type=\"container\" data-e-type=\"container\">\n\t\t<div class=\"elementor-element elementor-element-0f58c7d e-con-full e-flex e-con e-child\" data-id=\"0f58c7d\" data-element_type=\"container\" data-e-type=\"container\">\n\t\t\t\t<div class=\"elementor-element elementor-element-796f6a8 elementor-widget elementor-widget-heading\" data-id=\"796f6a8\" data-element_type=\"widget\" data-e-type=\"widget\" data-widget_type=\"heading.default\">\n\t\t\t\t\t<h2 class=\"elementor-heading-title elementor-size-default\">Sistem prozornih vedrov<\/h2>\t\t\t\t<\/div>\n\t\t\t\t<div class=\"elementor-element elementor-element-be5d9d5 elementor-widget elementor-widget-text-editor\" data-id=\"be5d9d5\" data-element_type=\"widget\" data-e-type=\"widget\" data-widget_type=\"text-editor.default\">\n\t\t\t\t\t\t\t\t\t<div class=\"col-md-12 hc_text_block_cnt\"><div id=\"1jewX\" class=\"no-paddings\"><div class=\"col-md-12 hc_text_block_cnt\"><div id=\"mIzpq\" class=\"no-paddings\"><div class=\"col-md-12 hc_text_block_cnt\"><div id=\"NxnYi\" class=\"\"><div class=\"col-md-12 hc_text_block_cnt\"><div id=\"K1xrP\" class=\"\"><div class=\"col-md-12 hc_text_block_cnt\"><div id=\"JuB0p\" class=\"\">DEVELON-ova prozorna \u017elica je popolnoma integriran sistem, ki upravljavcu kolesnega nakladalnika omogo\u010da, da prek monitorja v kabini vidi mrtve kote \u017elice stroja.<\/div><\/div><\/div><\/div><\/div><\/div><\/div><\/div><\/div><\/div>\t\t\t\t\t\t\t\t<\/div>\n\t\t\t\t<\/div>\n\t\t<div class=\"elementor-element elementor-element-9ffa3a3 e-con-full e-flex e-con e-child\" data-id=\"9ffa3a3\" data-element_type=\"container\" data-e-type=\"container\">\n\t\t\t\t<div class=\"elementor-element elementor-element-3fc4cac elementor-widget elementor-widget-image\" data-id=\"3fc4cac\" data-element_type=\"widget\" data-e-type=\"widget\" data-widget_type=\"image.default\">\n\t\t\t\t\t\t\t\t\t\t\t\t\t\t\t<img loading=\"lazy\" decoding=\"async\" width=\"645\" height=\"360\" src=\"https:\/\/develon.si\/wp-content\/uploads\/2026\/03\/innovation-page-transparent-bucket-1-1.webp\" class=\"attachment-large size-large wp-image-33514635\" alt=\"\" srcset=\"https:\/\/develon.si\/wp-content\/uploads\/2026\/03\/innovation-page-transparent-bucket-1-1.webp 645w, https:\/\/develon.si\/wp-content\/uploads\/2026\/03\/innovation-page-transparent-bucket-1-1-300x167.webp 300w, https:\/\/develon.si\/wp-content\/uploads\/2026\/03\/innovation-page-transparent-bucket-1-1-600x335.webp 600w, https:\/\/develon.si\/wp-content\/uploads\/2026\/03\/innovation-page-transparent-bucket-1-1-280x156.webp 280w\" sizes=\"(max-width: 645px) 100vw, 645px\" \/>\t\t\t\t\t\t\t\t\t\t\t\t\t\t\t<\/div>\n\t\t\t\t<\/div>\n\t\t\t\t<\/div>\n\t\t<div class=\"elementor-element elementor-element-83c40f3 e-con-full e-flex e-con e-child\" data-id=\"83c40f3\" data-element_type=\"container\" data-e-type=\"container\">\n\t\t\t\t<div class=\"elementor-element elementor-element-d215b0e elementor-align-center elementor-widget elementor-widget-button\" data-id=\"d215b0e\" data-element_type=\"widget\" data-e-type=\"widget\" data-widget_type=\"button.default\">\n\t\t\t\t\t\t\t\t\t\t<a class=\"elementor-button elementor-button-link elementor-size-sm\" href=\"https:\/\/develon.si\/sl\/inovatsii\/prozrachna-sistema-za-kofi\/\">\n\t\t\t\t\t\t<span class=\"elementor-button-content-wrapper\">\n\t\t\t\t\t\t\t\t\t<span class=\"elementor-button-text\">Ve\u010d o sistemu prozornih vedrov<\/span>\n\t\t\t\t\t<\/span>\n\t\t\t\t\t<\/a>\n\t\t\t\t\t\t\t\t<\/div>\n\t\t\t\t<\/div>\n\t\t\t\t\t<\/div>\n\t\t\t\t<\/div>\n\t\t\t\t<\/div>","protected":false},"excerpt":{"rendered":"<p>Cilj podjetja Concept-X Develon je uvajanje inovacij v proizvodnjo gradbenih strojev in ustvarjanje trajnostne vrednosti za stranke z digitalno transformacijo poslovanja, ne le z uvajanjem digitalnih tehnologij. Concept-X bo uspe\u0161no spodbudil va\u0161e poslovanje s pove\u010danjem produktivnosti, zmanj\u0161anjem stro\u0161kov in tveganj na gradbi\u0161\u010du. Ve\u010d o podjetju Concept-X [\u2026]<\/p>","protected":false},"author":1,"featured_media":33441045,"parent":0,"menu_order":0,"comment_status":"closed","ping_status":"closed","template":"","meta":{"_acf_changed":false,"pgc_sgb_lightbox_settings":"","footnotes":""},"class_list":["post-33441037","page","type-page","status-publish","has-post-thumbnail","hentry"],"acf":[],"featured_image_src":"https:\/\/develon.si\/wp-content\/uploads\/2026\/03\/innovation-large.webp","_links":{"self":[{"href":"https:\/\/develon.si\/sl\/wp-json\/wp\/v2\/pages\/33441037","targetHints":{"allow":["GET"]}}],"collection":[{"href":"https:\/\/develon.si\/sl\/wp-json\/wp\/v2\/pages"}],"about":[{"href":"https:\/\/develon.si\/sl\/wp-json\/wp\/v2\/types\/page"}],"author":[{"embeddable":true,"href":"https:\/\/develon.si\/sl\/wp-json\/wp\/v2\/users\/1"}],"replies":[{"embeddable":true,"href":"https:\/\/develon.si\/sl\/wp-json\/wp\/v2\/comments?post=33441037"}],"version-history":[{"count":19,"href":"https:\/\/develon.si\/sl\/wp-json\/wp\/v2\/pages\/33441037\/revisions"}],"predecessor-version":[{"id":33515658,"href":"https:\/\/develon.si\/sl\/wp-json\/wp\/v2\/pages\/33441037\/revisions\/33515658"}],"wp:featuredmedia":[{"embeddable":true,"href":"https:\/\/develon.si\/sl\/wp-json\/wp\/v2\/media\/33441045"}],"wp:attachment":[{"href":"https:\/\/develon.si\/sl\/wp-json\/wp\/v2\/media?parent=33441037"}],"curies":[{"name":"wp","href":"https:\/\/api.w.org\/{rel}","templated":true}]}}