{"id":33441047,"date":"2026-03-19T11:24:55","date_gmt":"2026-03-19T11:24:55","guid":{"rendered":"https:\/\/develon.agma.bg\/?page_id=33441047"},"modified":"2026-03-19T11:30:13","modified_gmt":"2026-03-19T11:30:13","slug":"kontseptsia-x","status":"publish","type":"page","link":"https:\/\/develon.si\/sl\/inovatsii\/kontseptsia-x\/","title":{"rendered":"CONCEPT-X"},"content":{"rendered":"<div data-elementor-type=\"wp-page\" data-elementor-id=\"33441047\" class=\"elementor elementor-33441047\" data-elementor-post-type=\"page\">\n\t\t\t\t<div class=\"elementor-element elementor-element-f8b593f e-flex e-con-boxed e-con e-parent\" data-id=\"f8b593f\" data-element_type=\"container\" data-e-type=\"container\">\n\t\t\t\t\t<div class=\"e-con-inner\">\n\t\t\t\t<div class=\"elementor-element elementor-element-9f58d1d elementor-widget elementor-widget-text-editor\" data-id=\"9f58d1d\" data-element_type=\"widget\" data-e-type=\"widget\" data-widget_type=\"text-editor.default\">\n\t\t\t\t\t\t\t\t\t<div class=\"header-title overlay-container  white\" data-sub-height=\"\"><div class=\"overlay-content overlaybox\"><div class=\"container\"><div class=\"title-base\"><p>Develon ne sprejema le digitalnih tehnologij, temve\u010d si prizadeva za revolucijo v proizvodnji gradbenih strojev in ustvarjanje trajnostne vrednosti za stranke z digitalno preobrazbo poslovanja. V ta namen Develon izvaja projekt \u00bbConcept-X\u00ab, ki vodi uresni\u010ditev gradbi\u0161\u010da prihodnosti s konvergenco in integracijo tehnologij, povezanih z IKT (informacijsko-komunikacijsko tehnologijo) in umetno inteligenco (AI).<\/p><\/div><\/div><\/div><\/div><div id=\"section_5ZtkF\" class=\"section-item section-empty\"><div class=\"content container\"><div class=\"row\"><div id=\"column_rTEK7\" class=\"hc_column_cnt col-md-12\"><div class=\"row\"><div class=\"col-md-12 hc_text_block_cnt\">\u00a0<\/div><\/div><\/div><\/div><\/div><\/div>\t\t\t\t\t\t\t\t<\/div>\n\t\t\t\t<div class=\"elementor-element elementor-element-4e5a294 elementor-widget elementor-widget-image\" data-id=\"4e5a294\" data-element_type=\"widget\" data-e-type=\"widget\" data-widget_type=\"image.default\">\n\t\t\t\t\t\t\t\t\t\t\t\t\t\t\t<img fetchpriority=\"high\" decoding=\"async\" width=\"800\" height=\"403\" src=\"https:\/\/develon.si\/wp-content\/uploads\/2026\/03\/EN-1.webp\" class=\"attachment-full size-full wp-image-33441050\" alt=\"\" srcset=\"https:\/\/develon.si\/wp-content\/uploads\/2026\/03\/EN-1.webp 800w, https:\/\/develon.si\/wp-content\/uploads\/2026\/03\/EN-1-300x151.webp 300w, https:\/\/develon.si\/wp-content\/uploads\/2026\/03\/EN-1-768x387.webp 768w, https:\/\/develon.si\/wp-content\/uploads\/2026\/03\/EN-1-600x302.webp 600w, https:\/\/develon.si\/wp-content\/uploads\/2026\/03\/EN-1-280x141.webp 280w\" sizes=\"(max-width: 800px) 100vw, 800px\" \/>\t\t\t\t\t\t\t\t\t\t\t\t\t\t\t<\/div>\n\t\t\t\t\t<\/div>\n\t\t\t\t<\/div>\n\t\t<div class=\"elementor-element elementor-element-859fce0 e-flex e-con-boxed e-con e-parent\" data-id=\"859fce0\" data-element_type=\"container\" data-e-type=\"container\">\n\t\t\t\t\t<div class=\"e-con-inner\">\n\t\t\t\t<div class=\"elementor-element elementor-element-78d3f67 elementor-widget elementor-widget-heading\" data-id=\"78d3f67\" data-element_type=\"widget\" data-e-type=\"widget\" data-widget_type=\"heading.default\">\n\t\t\t\t\t<h2 class=\"elementor-heading-title elementor-size-default\">X-Center<\/h2>\t\t\t\t<\/div>\n\t\t\t\t<div class=\"elementor-element elementor-element-2968733 elementor-widget elementor-widget-text-editor\" data-id=\"2968733\" data-element_type=\"widget\" data-e-type=\"widget\" data-widget_type=\"text-editor.default\">\n\t\t\t\t\t\t\t\t\t<div class=\"col-md-12 hc_text_block_cnt\"><div id=\"DZeh8\" class=\"no-paddings\">V sredi\u0161\u010du koncepta X je X-Center, sistem upravljanja, ki uporabniku omogo\u010da hiter pregled opreme na gradbi\u0161\u010du in samega delovi\u0161\u010da. Teren gradbi\u0161\u010da se skenira z droni, podatki o terenu, pridobljeni z anketo, pa se ustvarijo v 3D-obliki za uporabo pri pripravi delovnih na\u010drtov. Podatki, zbrani z razli\u010dnih lokacij, se analizirajo za navodila za brezpilotno opremo in njeno integrirano upravljanje. Poleg tega X-Centerjev Fleet Manager uporabniku omogo\u010da oddaljeno spremljanje in diagnosticiranje podatkov o strojih za u\u010dinkovito upravljanje dela in vzdr\u017eevanje, kot so stanje zemeljskih del, na\u010drtovanje poti premikanja in delovnega obmo\u010dja, lokacija in obratovalno stanje opreme, stanje glavnih delov in zaznavanje nenavadnih signalov.<\/div><\/div>\t\t\t\t\t\t\t\t<\/div>\n\t\t\t\t<div class=\"elementor-element elementor-element-3b83261 elementor-widget elementor-widget-image\" data-id=\"3b83261\" data-element_type=\"widget\" data-e-type=\"widget\" data-widget_type=\"image.default\">\n\t\t\t\t\t\t\t\t\t\t\t\t\t\t\t<img decoding=\"async\" width=\"600\" height=\"294\" src=\"https:\/\/develon.si\/wp-content\/uploads\/2026\/03\/concept-x-2-1-e1698327567155.webp\" class=\"attachment-large size-large wp-image-33441051\" alt=\"\" srcset=\"https:\/\/develon.si\/wp-content\/uploads\/2026\/03\/concept-x-2-1-e1698327567155.webp 600w, https:\/\/develon.si\/wp-content\/uploads\/2026\/03\/concept-x-2-1-e1698327567155-300x147.webp 300w, https:\/\/develon.si\/wp-content\/uploads\/2026\/03\/concept-x-2-1-e1698327567155-280x137.webp 280w\" sizes=\"(max-width: 600px) 100vw, 600px\" \/>\t\t\t\t\t\t\t\t\t\t\t\t\t\t\t<\/div>\n\t\t\t\t\t<\/div>\n\t\t\t\t<\/div>\n\t\t<div class=\"elementor-element elementor-element-e8a1803 e-flex e-con-boxed e-con e-parent\" data-id=\"e8a1803\" data-element_type=\"container\" data-e-type=\"container\">\n\t\t\t\t\t<div class=\"e-con-inner\">\n\t\t\t\t<div class=\"elementor-element elementor-element-c48305f elementor-widget elementor-widget-heading\" data-id=\"c48305f\" data-element_type=\"widget\" data-e-type=\"widget\" data-widget_type=\"heading.default\">\n\t\t\t\t\t<h2 class=\"elementor-heading-title elementor-size-default\">Samostojna re\u0161itev<\/h2>\t\t\t\t<\/div>\n\t\t\t\t<div class=\"elementor-element elementor-element-467ba6c elementor-widget elementor-widget-text-editor\" data-id=\"467ba6c\" data-element_type=\"widget\" data-e-type=\"widget\" data-widget_type=\"text-editor.default\">\n\t\t\t\t\t\t\t\t\t<div class=\"col-md-12 hc_text_block_cnt\"><div id=\"DZeh8\" class=\"no-paddings\"><div id=\"column_2KCG7\" class=\"hc_column_cnt col-md-12\"><div class=\"row\"><div class=\"col-md-12 hc_text_block_cnt\"><div id=\"LdylN\" class=\"\">Oprema z brezpilotno, avtomatizirano re\u0161itvijo lahko delo opravlja natan\u010dno in hitro s prejemanjem analiziranih podatkov iz X-Centra. Delovno gibanje brezpilotne opreme se naju\u010dinkoviteje ustvari z uporabo dejanskih podatkov izku\u0161enih operaterjev za doseganje maksimalne produktivnosti. Brezpilotni bager, ki ga je implementiral Develon, ima sistem za prepoznavanje, ocenjevanje in nadzor. Brezpilotni bager prepozna svojo okolico z uporabo razli\u010dnih senzorjev, name\u0161\u010denih na bagru, ter avtonomno ocenjuje in izvaja lokalne na\u010drte delovnega zaporedja, delovne poti in poti gibanja. Poleg tega brezpilotni bager varno in natan\u010dno opravlja delo na podlagi krmilnega sistema, ki prepre\u010duje trke in prevra\u010danje. Na\u010deloma ima brezpilotni kolesni nakladalnik enak sistem kot brezpilotni bager. Vendar upo\u0161tevajte, da se pri dolo\u010danju optimalne poti in zagotavljanju varnosti gibanja odra\u017ea ve\u010d tehni\u010dnih naporov, saj kolesni nakladalnik deluje pogosteje kot bager. Poleg tega brezpilotni kolesni nakladalnik avtonomno vzpostavi in izvaja optimalne delovne na\u010drte z daljinskim upravljanjem opreme in posredovanjem informacij o delovnem stanju in obremenitvi opreme.<\/div><\/div><\/div><\/div><div id=\"column_vwAWU\" class=\"hc_column_cnt col-md-12\"><div class=\"row\">\u00a0<\/div><\/div><\/div><\/div>\t\t\t\t\t\t\t\t<\/div>\n\t\t\t\t<div class=\"elementor-element elementor-element-459bcf8 elementor-widget elementor-widget-image\" data-id=\"459bcf8\" data-element_type=\"widget\" data-e-type=\"widget\" data-widget_type=\"image.default\">\n\t\t\t\t\t\t\t\t\t\t\t\t\t\t\t<img decoding=\"async\" width=\"800\" height=\"262\" src=\"https:\/\/develon.si\/wp-content\/uploads\/2026\/03\/develon-hdi-billboard-1.webp\" class=\"attachment-full size-full wp-image-33441053\" alt=\"\" srcset=\"https:\/\/develon.si\/wp-content\/uploads\/2026\/03\/develon-hdi-billboard-1.webp 800w, https:\/\/develon.si\/wp-content\/uploads\/2026\/03\/develon-hdi-billboard-1-300x98.webp 300w, https:\/\/develon.si\/wp-content\/uploads\/2026\/03\/develon-hdi-billboard-1-768x252.webp 768w, https:\/\/develon.si\/wp-content\/uploads\/2026\/03\/develon-hdi-billboard-1-600x197.webp 600w, https:\/\/develon.si\/wp-content\/uploads\/2026\/03\/develon-hdi-billboard-1-280x92.webp 280w\" sizes=\"(max-width: 800px) 100vw, 800px\" \/>\t\t\t\t\t\t\t\t\t\t\t\t\t\t\t<\/div>\n\t\t\t\t\t<\/div>\n\t\t\t\t<\/div>\n\t\t<div class=\"elementor-element elementor-element-6a4787b e-flex e-con-boxed e-con e-parent\" data-id=\"6a4787b\" data-element_type=\"container\" data-e-type=\"container\">\n\t\t\t\t\t<div class=\"e-con-inner\">\n\t\t\t\t<div class=\"elementor-element elementor-element-646d658 elementor-widget elementor-widget-heading\" data-id=\"646d658\" data-element_type=\"widget\" data-e-type=\"widget\" data-widget_type=\"heading.default\">\n\t\t\t\t\t<h2 class=\"elementor-heading-title elementor-size-default\">Napovedovanje in upravljanje stanja (PHM)<\/h2>\t\t\t\t<\/div>\n\t\t\t\t<div class=\"elementor-element elementor-element-752a0ef elementor-widget elementor-widget-text-editor\" data-id=\"752a0ef\" data-element_type=\"widget\" data-e-type=\"widget\" data-widget_type=\"text-editor.default\">\n\t\t\t\t\t\t\t\t\t<div class=\"col-md-12 hc_text_block_cnt\"><div id=\"DZeh8\" class=\"no-paddings\"><div id=\"column_2KCG7\" class=\"hc_column_cnt col-md-12\"><div class=\"row\"><div class=\"col-md-12 hc_text_block_cnt\"><div id=\"LdylN\" class=\"\"><div class=\"col-md-12 hc_text_block_cnt\"><div id=\"S0Bx2\" class=\"no-paddings\">Nepri\u010dakovane okvare opreme pomenijo znatne finan\u010dne izgube in tveganja na prihodnjih gradbi\u0161\u010dih, kjer bo upravljanje voznega parka (integrirano upravljanje ve\u010d skupin opreme) postalo nekaj obi\u010dajnega. PHM je tehnologija, ki na\u0161i prihodnji opremi omogo\u010da, da sama diagnosticira svoje stanje in uporabnike vnaprej opozori na morebitne okvare, tako da se delo lahko izvaja nemoteno v katerem koli delovnem okolju. Brezpilotna oprema, implementirana s pomo\u010djo PHM, lahko celovito spremlja svoje stanje z zaznavanjem in analizo obremenitve klju\u010dnih delov in funkcij prek samodiagnoze in funkcije spremljanja v realnem \u010dasu. PHM vnaprej upravlja dejavnike tveganja z napovedovanjem preostale \u017eivljenjske dobe s preverjanjem zgodovine sprememb stanja posameznega dela ter celotnega stanja v tem trenutku.<\/div><\/div><\/div><\/div><\/div><\/div><\/div><\/div>\t\t\t\t\t\t\t\t<\/div>\n\t\t\t\t<div class=\"elementor-element elementor-element-8159732 elementor-widget elementor-widget-image\" data-id=\"8159732\" data-element_type=\"widget\" data-e-type=\"widget\" data-widget_type=\"image.default\">\n\t\t\t\t\t\t\t\t\t\t\t\t\t\t\t<img loading=\"lazy\" decoding=\"async\" width=\"800\" height=\"393\" src=\"https:\/\/develon.si\/wp-content\/uploads\/2026\/03\/PHM-1.webp\" class=\"attachment-full size-full wp-image-33441052\" alt=\"\" srcset=\"https:\/\/develon.si\/wp-content\/uploads\/2026\/03\/PHM-1.webp 800w, https:\/\/develon.si\/wp-content\/uploads\/2026\/03\/PHM-1-300x147.webp 300w, https:\/\/develon.si\/wp-content\/uploads\/2026\/03\/PHM-1-768x377.webp 768w, https:\/\/develon.si\/wp-content\/uploads\/2026\/03\/PHM-1-600x295.webp 600w, https:\/\/develon.si\/wp-content\/uploads\/2026\/03\/PHM-1-280x138.webp 280w\" sizes=\"(max-width: 800px) 100vw, 800px\" \/>\t\t\t\t\t\t\t\t\t\t\t\t\t\t\t<\/div>\n\t\t\t\t\t<\/div>\n\t\t\t\t<\/div>\n\t\t<div class=\"elementor-element elementor-element-81e573a e-flex e-con-boxed e-con e-parent\" data-id=\"81e573a\" data-element_type=\"container\" data-e-type=\"container\">\n\t\t\t\t\t<div class=\"e-con-inner\">\n\t\t\t\t<div class=\"elementor-element elementor-element-743be43 elementor-widget elementor-widget-heading\" data-id=\"743be43\" data-element_type=\"widget\" data-e-type=\"widget\" data-widget_type=\"heading.default\">\n\t\t\t\t\t<h2 class=\"elementor-heading-title elementor-size-default\">\u201eConcept-X\u201c: inovativna re\u0161itev za gradbi\u0161\u010de prihodnosti<\/h2>\t\t\t\t<\/div>\n\t\t\t\t<div class=\"elementor-element elementor-element-44dd1ba elementor-widget elementor-widget-text-editor\" data-id=\"44dd1ba\" data-element_type=\"widget\" data-e-type=\"widget\" data-widget_type=\"text-editor.default\">\n\t\t\t\t\t\t\t\t\t<div class=\"col-md-12 hc_text_block_cnt\"><div id=\"DZeh8\" class=\"no-paddings\"><div id=\"column_2KCG7\" class=\"hc_column_cnt col-md-12\"><div class=\"row\"><div class=\"col-md-12 hc_text_block_cnt\"><div id=\"LdylN\" class=\"\"><div class=\"col-md-12 hc_text_block_cnt\"><div id=\"S0Bx2\" class=\"no-paddings\"><div class=\"col-md-12 hc_text_block_cnt\"><div id=\"3xCQx\" class=\"\">Develon bo prispeval k udobju strank z izrazito konkuren\u010dnostjo s preventivnim uvajanjem poslovnega modela gradbi\u0161\u010da z maksimalno u\u010dinkovitostjo in produktivnostjo prek delovnih nalogov, ki temeljijo na natan\u010dnih raziskavah in podatkih, brezpilotne opreme, ki prepozna, na\u010drtuje in deluje avtonomno, ter napovednega upravljanja stanja opreme, za\u010den\u0161i s &#039;Concept-X&#039; \u2013 re\u0161itvijo, optimizirano za gradbi\u0161\u010da prihodnosti.<\/div><\/div><\/div><\/div><\/div><\/div><\/div><\/div><\/div><\/div>\t\t\t\t\t\t\t\t<\/div>\n\t\t\t\t<div class=\"elementor-element elementor-element-0897e70 elementor-widget elementor-widget-video\" data-id=\"0897e70\" data-element_type=\"widget\" data-e-type=\"widget\" data-settings=\"{&quot;youtube_url&quot;:&quot;https:\\\/\\\/youtu.be\\\/d5JJMicnmlU&quot;,&quot;video_type&quot;:&quot;youtube&quot;}\" data-widget_type=\"video.default\">\n\t\t\t\t\t\t\t<div class=\"elementor-wrapper elementor-open-inline\">\n\t\t\t<div class=\"elementor-video\"><\/div>\t\t<\/div>\n\t\t\t\t\t\t<\/div>\n\t\t\t\t\t<\/div>\n\t\t\t\t<\/div>\n\t\t\t\t<\/div>","protected":false},"excerpt":{"rendered":"<p>Develon ne sprejema le digitalnih tehnologij, temve\u010d si prizadeva za revolucijo v proizvodnji gradbenih strojev in ustvarjanje trajnostne vrednosti za stranke z digitalno transformacijo poslovanja. V ta namen Develon izvaja projekt \u00bbConcept-X\u00ab, ki vodi uresni\u010ditev gradbi\u0161\u010da prihodnosti s konvergenco in integracijo IKT (informacijskih [\u2026]<\/p>","protected":false},"author":1,"featured_media":33441048,"parent":33441037,"menu_order":0,"comment_status":"closed","ping_status":"closed","template":"","meta":{"_acf_changed":false,"pgc_sgb_lightbox_settings":"","footnotes":""},"class_list":["post-33441047","page","type-page","status-publish","has-post-thumbnail","hentry"],"acf":[],"featured_image_src":"https:\/\/develon.si\/wp-content\/uploads\/2026\/03\/concept-x-1-e1698316635661.jpg","_links":{"self":[{"href":"https:\/\/develon.si\/sl\/wp-json\/wp\/v2\/pages\/33441047","targetHints":{"allow":["GET"]}}],"collection":[{"href":"https:\/\/develon.si\/sl\/wp-json\/wp\/v2\/pages"}],"about":[{"href":"https:\/\/develon.si\/sl\/wp-json\/wp\/v2\/types\/page"}],"author":[{"embeddable":true,"href":"https:\/\/develon.si\/sl\/wp-json\/wp\/v2\/users\/1"}],"replies":[{"embeddable":true,"href":"https:\/\/develon.si\/sl\/wp-json\/wp\/v2\/comments?post=33441047"}],"version-history":[{"count":4,"href":"https:\/\/develon.si\/sl\/wp-json\/wp\/v2\/pages\/33441047\/revisions"}],"predecessor-version":[{"id":33441056,"href":"https:\/\/develon.si\/sl\/wp-json\/wp\/v2\/pages\/33441047\/revisions\/33441056"}],"up":[{"embeddable":true,"href":"https:\/\/develon.si\/sl\/wp-json\/wp\/v2\/pages\/33441037"}],"wp:featuredmedia":[{"embeddable":true,"href":"https:\/\/develon.si\/sl\/wp-json\/wp\/v2\/media\/33441048"}],"wp:attachment":[{"href":"https:\/\/develon.si\/sl\/wp-json\/wp\/v2\/media?parent=33441047"}],"curies":[{"name":"wp","href":"https:\/\/api.w.org\/{rel}","templated":true}]}}