{"id":33514533,"date":"2026-03-23T07:49:39","date_gmt":"2026-03-23T07:49:39","guid":{"rendered":"https:\/\/develon.agma.bg\/?page_id=33514533"},"modified":"2026-05-13T13:40:38","modified_gmt":"2026-05-13T13:40:38","slug":"razvoj-strojev-in-opreme","status":"publish","type":"page","link":"https:\/\/develon.si\/sl\/razvoj-strojev-in-opreme\/","title":{"rendered":"Stroji in oprema Develon"},"content":{"rendered":"<div data-elementor-type=\"wp-page\" data-elementor-id=\"33514533\" class=\"elementor elementor-33514533\" data-elementor-post-type=\"page\">\n\t\t\t\t<div class=\"elementor-element elementor-element-9539b7a hero-overlay e-flex e-con-boxed e-con e-parent\" data-id=\"9539b7a\" data-element_type=\"container\" data-e-type=\"container\" data-settings=\"{&quot;background_background&quot;:&quot;classic&quot;}\">\n\t\t\t\t\t<div class=\"e-con-inner\">\n\t\t\t\t<div class=\"elementor-element elementor-element-128d97c elementor-widget elementor-widget-heading\" data-id=\"128d97c\" data-element_type=\"widget\" data-e-type=\"widget\" data-widget_type=\"heading.default\">\n\t\t\t\t\t<h1 class=\"elementor-heading-title elementor-size-default\">Stroji in oprema Develon<\/h1>\t\t\t\t<\/div>\n\t\t\t\t\t<\/div>\n\t\t\t\t<\/div>\n\t\t<div class=\"elementor-element elementor-element-20cc3c8 e-flex e-con-boxed e-con e-parent\" data-id=\"20cc3c8\" data-element_type=\"container\" data-e-type=\"container\">\n\t\t\t\t\t<div class=\"e-con-inner\">\n\t\t\t\t<div class=\"elementor-element elementor-element-2394820 elementor-widget elementor-widget-image\" data-id=\"2394820\" data-element_type=\"widget\" data-e-type=\"widget\" data-widget_type=\"image.default\">\n\t\t\t\t\t\t\t\t\t\t\t\t\t\t\t<img decoding=\"async\" width=\"298\" height=\"54\" src=\"https:\/\/develon.si\/wp-content\/uploads\/2026\/03\/develon-logo.png\" class=\"attachment-large size-large wp-image-33440907\" alt=\"\" srcset=\"https:\/\/develon.si\/wp-content\/uploads\/2026\/03\/develon-logo.png 298w, https:\/\/develon.si\/wp-content\/uploads\/2026\/03\/develon-logo-280x51.png 280w\" sizes=\"(max-width: 298px) 100vw, 298px\" \/>\t\t\t\t\t\t\t\t\t\t\t\t\t\t\t<\/div>\n\t\t\t\t\t<\/div>\n\t\t\t\t<\/div>\n\t\t<div class=\"elementor-element elementor-element-ba6c4fc e-flex e-con-boxed e-con e-parent\" data-id=\"ba6c4fc\" data-element_type=\"container\" data-e-type=\"container\">\n\t\t\t\t\t<div class=\"e-con-inner\">\n\t\t\t\t<div class=\"elementor-element elementor-element-f7a4e14 elementor-widget elementor-widget-heading\" data-id=\"f7a4e14\" data-element_type=\"widget\" data-e-type=\"widget\" data-widget_type=\"heading.default\">\n\t\t\t\t\t<h2 class=\"elementor-heading-title elementor-size-default\">Gradbena oprema Develon - bodite korak pred konkurenco<\/h2>\t\t\t\t<\/div>\n\t\t\t\t<div class=\"elementor-element elementor-element-c9dbf4c elementor-widget elementor-widget-text-editor\" data-id=\"c9dbf4c\" data-element_type=\"widget\" data-e-type=\"widget\" data-widget_type=\"text-editor.default\">\n\t\t\t\t\t\t\t\t\t<div class=\"col-md-12 hc_title_tag_cnt\"><p id=\"sQbRO\" class=\"no-padding-bottom middle-content\"><span style=\"font-size: 16px;\">Develon je eden vodilnih svetovnih proizvajalcev gradbene opreme. Ju\u017enokorejsko podjetje se \u017ee vrsto let dosledno uvr\u0161\u010da med deset najbolj\u0161ih svetovnih proizvajalcev gradbene opreme glede na letni prihodek. Develon si to presti\u017eno mesto med najve\u010djimi v panogi lasti zaradi nenehnega prizadevanja za uvajanje novih in inovativnih tehnologij ter za pove\u010danje kakovosti, zanesljivosti, u\u010dinkovitosti, trdnosti in vzdr\u017eljivosti izdelane gradbene opreme. Koncern je lastnik svetovno znanih blagovnih znamk, kot so Develon, Bobcat, Montabert.<\/span><\/p><\/div>\t\t\t\t\t\t\t\t<\/div>\n\t\t\t\t<div class=\"elementor-element elementor-element-871990c elementor-widget elementor-widget-heading\" data-id=\"871990c\" data-element_type=\"widget\" data-e-type=\"widget\" data-widget_type=\"heading.default\">\n\t\t\t\t\t<h2 class=\"elementor-heading-title elementor-size-default\">Katere vrste gradbene opreme proizvaja Develon?<\/h2>\t\t\t\t<\/div>\n\t\t\t\t<div class=\"elementor-element elementor-element-e09e207 elementor-widget elementor-widget-text-editor\" data-id=\"e09e207\" data-element_type=\"widget\" data-e-type=\"widget\" data-widget_type=\"text-editor.default\">\n\t\t\t\t\t\t\t\t\t<div class=\"col-md-12 hc_title_tag_cnt\"><p>Blagovna znamka Develon se tradicionalno povezuje z veliko gradbeno opremo, zasnovano za obse\u017ene gradnje stavb, cest in infrastrukture, kamnolomov in rudnikov. Najbolj priljubljena vrsta gradbene opreme Develon so goseni\u010dni bagri, sledijo jim kolesni bagri in \u010delni nakladalci. Zelo priljubljeni so tudi zglobni prekucniki. Ta visokotehnolo\u0161ka gradbena oprema se uvr\u0161\u010da med svetovne standarde glede produktivnosti, u\u010dinkovitosti porabe goriva in udobja upravljavca.<br \/>Kot odgovor na nara\u0161\u010dajo\u010de svetovno povpra\u0161evanje po mini bagrih je Develon svoji ponudbi izdelkov dodal celotno paleto te vrste gradbene opreme. Kompaktni bagri Develon se odlikujejo po visoki mo\u010di kopanja in nosilnosti.<\/p><p>Develon je v za\u010detku leta 2022 pozorno prisluhnil potrebam svojih strank in dodal paleto kompaktnih \u010delnih nakladalnikov z vsestranskimi zmogljivostmi. Ta vrsta gradbene opreme je izjemno priljubljena v zahodni Evropi, vse bolj pa pridobiva na priljubljenosti tudi v Bolgariji.<\/p><\/div>\t\t\t\t\t\t\t\t<\/div>\n\t\t\t\t\t<\/div>\n\t\t\t\t<\/div>\n\t\t<div class=\"elementor-element elementor-element-6c1a020 e-flex e-con-boxed e-con e-parent\" data-id=\"6c1a020\" data-element_type=\"container\" data-e-type=\"container\">\n\t\t\t\t\t<div class=\"e-con-inner\">\n\t\t\t\t<div class=\"elementor-element elementor-element-aa92817 elementor-widget elementor-widget-heading\" data-id=\"aa92817\" data-element_type=\"widget\" data-e-type=\"widget\" data-widget_type=\"heading.default\">\n\t\t\t\t\t<h2 class=\"elementor-heading-title elementor-size-default\">Gradbena oprema Develon:<\/h2>\t\t\t\t<\/div>\n\t\t<div class=\"elementor-element elementor-element-1a7b600 e-con-full e-grid e-con e-child\" data-id=\"1a7b600\" data-element_type=\"container\" data-e-type=\"container\">\n\t\t\t\t<div class=\"elementor-element elementor-element-02f4fa8 elementor-cta--skin-classic elementor-animated-content elementor-widget elementor-widget-call-to-action\" data-id=\"02f4fa8\" data-element_type=\"widget\" data-e-type=\"widget\" data-widget_type=\"call-to-action.default\">\n\t\t\t\t\t\t\t<a class=\"elementor-cta\" href=\"https:\/\/develon.si\/sl\/verizhni-bageri\/\">\n\t\t\t\t\t<div class=\"elementor-cta__bg-wrapper\">\n\t\t\t\t<div class=\"elementor-cta__bg elementor-bg\" style=\"background-image: url(https:\/\/develon.si\/wp-content\/uploads\/2026\/04\/verizhni-bageri-develon-1.webp);\" role=\"img\" aria-label=\"veri\u017eni-bagri-develon-1\"><\/div>\n\t\t\t\t<div class=\"elementor-cta__bg-overlay\"><\/div>\n\t\t\t<\/div>\n\t\t\t\t\t\t\t<div class=\"elementor-cta__content\">\n\t\t\t\t\n\t\t\t\t\t\t\t\t\t<h2 class=\"elementor-cta__title elementor-cta__content-item elementor-content-item\">\n\t\t\t\t\t\tGoseni\u010dni bagri\t\t\t\t\t<\/h2>\n\t\t\t\t\n\t\t\t\t\t\t\t\t\t<span class=\"elementor-cta__description elementor-cta__content-item elementor-content-item\">\n\t\t\t\t\t\t<br>od 14 ton do 80 ton delovne te\u017ee\n\n<br>25 modelov\t\t\t\t\t<\/span>\n\t\t\t\t\n\t\t\t\t\t\t\t\t\t<div class=\"elementor-cta__button-wrapper elementor-cta__content-item elementor-content-item\">\n\t\t\t\t\t<span class=\"elementor-cta__button elementor-button elementor-size-\">\n\t\t\t\t\t\tGoseni\u010dni bagri\t\t\t\t\t<\/span>\n\t\t\t\t\t<\/div>\n\t\t\t\t\t\t\t<\/div>\n\t\t\t\t\t\t<\/a>\n\t\t\t\t\t\t<\/div>\n\t\t\t\t<div class=\"elementor-element elementor-element-490231d elementor-cta--skin-classic elementor-animated-content elementor-widget elementor-widget-call-to-action\" data-id=\"490231d\" data-element_type=\"widget\" data-e-type=\"widget\" data-widget_type=\"call-to-action.default\">\n\t\t\t\t\t\t\t<a class=\"elementor-cta\" href=\"https:\/\/develon.si\/sl\/kolesni-bagri\/\">\n\t\t\t\t\t<div class=\"elementor-cta__bg-wrapper\">\n\t\t\t\t<div class=\"elementor-cta__bg elementor-bg\" style=\"background-image: url(https:\/\/develon.si\/wp-content\/uploads\/2026\/04\/kolesni-bageri-develon-1.webp);\" role=\"img\" aria-label=\"kolesni-bagri-develon-1\"><\/div>\n\t\t\t\t<div class=\"elementor-cta__bg-overlay\"><\/div>\n\t\t\t<\/div>\n\t\t\t\t\t\t\t<div class=\"elementor-cta__content\">\n\t\t\t\t\n\t\t\t\t\t\t\t\t\t<h2 class=\"elementor-cta__title elementor-cta__content-item elementor-content-item\">\n\t\t\t\t\t\tKolesni bagri\t\t\t\t\t<\/h2>\n\t\t\t\t\n\t\t\t\t\t\t\t\t\t<span class=\"elementor-cta__description elementor-cta__content-item elementor-content-item\">\n\t\t\t\t\t\t<br>od 14 ton do 25 ton delovne te\u017ee\n<br><br>8 modelov\t\t\t\t\t<\/span>\n\t\t\t\t\n\t\t\t\t\t\t\t\t\t<div class=\"elementor-cta__button-wrapper elementor-cta__content-item elementor-content-item\">\n\t\t\t\t\t<span class=\"elementor-cta__button elementor-button elementor-size-\">\n\t\t\t\t\t\tKolesni bagri\t\t\t\t\t<\/span>\n\t\t\t\t\t<\/div>\n\t\t\t\t\t\t\t<\/div>\n\t\t\t\t\t\t<\/a>\n\t\t\t\t\t\t<\/div>\n\t\t\t\t<div class=\"elementor-element elementor-element-3805dc0 elementor-cta--skin-classic elementor-animated-content elementor-widget elementor-widget-call-to-action\" data-id=\"3805dc0\" data-element_type=\"widget\" data-e-type=\"widget\" data-widget_type=\"call-to-action.default\">\n\t\t\t\t\t\t\t<a class=\"elementor-cta\" href=\"https:\/\/develon.si\/sl\/chelni-tovarachi\/\">\n\t\t\t\t\t<div class=\"elementor-cta__bg-wrapper\">\n\t\t\t\t<div class=\"elementor-cta__bg elementor-bg\" style=\"background-image: url(https:\/\/develon.si\/wp-content\/uploads\/2026\/04\/chelni-tovarachi-develon-1.webp);\" role=\"img\" aria-label=\"\u010delni-tovara\u010di-develon-1\"><\/div>\n\t\t\t\t<div class=\"elementor-cta__bg-overlay\"><\/div>\n\t\t\t<\/div>\n\t\t\t\t\t\t\t<div class=\"elementor-cta__content\">\n\t\t\t\t\n\t\t\t\t\t\t\t\t\t<h2 class=\"elementor-cta__title elementor-cta__content-item elementor-content-item\">\n\t\t\t\t\t\t\u010celni nakladalniki\t\t\t\t\t<\/h2>\n\t\t\t\t\n\t\t\t\t\t\t\t\t\t<span class=\"elementor-cta__description elementor-cta__content-item elementor-content-item\">\n\t\t\t\t\t\t<br>prostornina \u017elice od 1,9 m\u00b3 do 6,4 m\u00b3\n\n<br>11 modelov\t\t\t\t\t<\/span>\n\t\t\t\t\n\t\t\t\t\t\t\t\t\t<div class=\"elementor-cta__button-wrapper elementor-cta__content-item elementor-content-item\">\n\t\t\t\t\t<span class=\"elementor-cta__button elementor-button elementor-size-\">\n\t\t\t\t\t\t\u010celni nakladalniki\t\t\t\t\t<\/span>\n\t\t\t\t\t<\/div>\n\t\t\t\t\t\t\t<\/div>\n\t\t\t\t\t\t<\/a>\n\t\t\t\t\t\t<\/div>\n\t\t\t\t<div class=\"elementor-element elementor-element-04d8dc0 elementor-cta--skin-classic elementor-animated-content elementor-widget elementor-widget-call-to-action\" data-id=\"04d8dc0\" data-element_type=\"widget\" data-e-type=\"widget\" data-widget_type=\"call-to-action.default\">\n\t\t\t\t\t\t\t<a class=\"elementor-cta\" href=\"https:\/\/develon.si\/sl\/sachleneni-damperi\/\">\n\t\t\t\t\t<div class=\"elementor-cta__bg-wrapper\">\n\t\t\t\t<div class=\"elementor-cta__bg elementor-bg\" style=\"background-image: url(https:\/\/develon.si\/wp-content\/uploads\/2026\/04\/sachleneni-damperi-develon-1.webp);\" role=\"img\" aria-label=\"zglobni prekucnik Develon model 4x4 z jermenom\"><\/div>\n\t\t\t\t<div class=\"elementor-cta__bg-overlay\"><\/div>\n\t\t\t<\/div>\n\t\t\t\t\t\t\t<div class=\"elementor-cta__content\">\n\t\t\t\t\n\t\t\t\t\t\t\t\t\t<h2 class=\"elementor-cta__title elementor-cta__content-item elementor-content-item\">\n\t\t\t\t\t\tZglobni prekucniki\t\t\t\t\t<\/h2>\n\t\t\t\t\n\t\t\t\t\t\t\t\t\t<span class=\"elementor-cta__description elementor-cta__content-item elementor-content-item\">\n\t\t\t\t\t\t<br>14,5 tone delovne te\u017ee\n<br><br>1 model\t\t\t\t\t<\/span>\n\t\t\t\t\n\t\t\t\t\t\t\t\t\t<div class=\"elementor-cta__button-wrapper elementor-cta__content-item elementor-content-item\">\n\t\t\t\t\t<span class=\"elementor-cta__button elementor-button elementor-size-\">\n\t\t\t\t\t\tZglobni prekucniki\t\t\t\t\t<\/span>\n\t\t\t\t\t<\/div>\n\t\t\t\t\t\t\t<\/div>\n\t\t\t\t\t\t<\/a>\n\t\t\t\t\t\t<\/div>\n\t\t\t\t<div class=\"elementor-element elementor-element-87138d4 elementor-cta--skin-classic elementor-animated-content elementor-widget elementor-widget-call-to-action\" data-id=\"87138d4\" data-element_type=\"widget\" data-e-type=\"widget\" data-widget_type=\"call-to-action.default\">\n\t\t\t\t\t\t\t<a class=\"elementor-cta\" href=\"https:\/\/develon.si\/sl\/mini-bagri\/\">\n\t\t\t\t\t<div class=\"elementor-cta__bg-wrapper\">\n\t\t\t\t<div class=\"elementor-cta__bg elementor-bg\" style=\"background-image: url(https:\/\/develon.si\/wp-content\/uploads\/2026\/04\/mini-bageri-develon-1.webp);\" role=\"img\" aria-label=\"mini-bager-develon-1\"><\/div>\n\t\t\t\t<div class=\"elementor-cta__bg-overlay\"><\/div>\n\t\t\t<\/div>\n\t\t\t\t\t\t\t<div class=\"elementor-cta__content\">\n\t\t\t\t\n\t\t\t\t\t\t\t\t\t<h2 class=\"elementor-cta__title elementor-cta__content-item elementor-content-item\">\n\t\t\t\t\t\tMini bagri\t\t\t\t\t<\/h2>\n\t\t\t\t\n\t\t\t\t\t\t\t\t\t<span class=\"elementor-cta__description elementor-cta__content-item elementor-content-item\">\n\t\t\t\t\t\t<br>od 1,2 tone do 8,6 tone delovne te\u017ee\n<br>15 modelov\t\t\t\t\t<\/span>\n\t\t\t\t\n\t\t\t\t\t\t\t\t\t<div class=\"elementor-cta__button-wrapper elementor-cta__content-item elementor-content-item\">\n\t\t\t\t\t<span class=\"elementor-cta__button elementor-button elementor-size-\">\n\t\t\t\t\t\tZglobni prekucniki\t\t\t\t\t<\/span>\n\t\t\t\t\t<\/div>\n\t\t\t\t\t\t\t<\/div>\n\t\t\t\t\t\t<\/a>\n\t\t\t\t\t\t<\/div>\n\t\t\t\t<div class=\"elementor-element elementor-element-f603d8b elementor-cta--skin-classic elementor-animated-content elementor-widget elementor-widget-call-to-action\" data-id=\"f603d8b\" data-element_type=\"widget\" data-e-type=\"widget\" data-widget_type=\"call-to-action.default\">\n\t\t\t\t\t\t\t<a class=\"elementor-cta\" href=\"https:\/\/develon.si\/sl\/products\/buldozer-dd130\/\">\n\t\t\t\t\t<div class=\"elementor-cta__bg-wrapper\">\n\t\t\t\t<div class=\"elementor-cta__bg elementor-bg\" style=\"background-image: url(https:\/\/develon.si\/wp-content\/uploads\/2026\/04\/buldozer-dd130-develon1.webp);\" role=\"img\" aria-label=\"buldo\u017eer-dd130-develon1\"><\/div>\n\t\t\t\t<div class=\"elementor-cta__bg-overlay\"><\/div>\n\t\t\t<\/div>\n\t\t\t\t\t\t\t<div class=\"elementor-cta__content\">\n\t\t\t\t\n\t\t\t\t\t\t\t\t\t<h2 class=\"elementor-cta__title elementor-cta__content-item elementor-content-item\">\n\t\t\t\t\t\tBuldo\u017eer\t\t\t\t\t<\/h2>\n\t\t\t\t\n\t\t\t\t\t\t\t\t\t<span class=\"elementor-cta__description elementor-cta__content-item elementor-content-item\">\n\t\t\t\t\t\t<br>14,5 tone delovne te\u017ee\n<br>1 model\t\t\t\t\t<\/span>\n\t\t\t\t\n\t\t\t\t\t\t\t\t\t<div class=\"elementor-cta__button-wrapper elementor-cta__content-item elementor-content-item\">\n\t\t\t\t\t<span class=\"elementor-cta__button elementor-button elementor-size-\">\n\t\t\t\t\t\tBuldo\u017eerji\t\t\t\t\t<\/span>\n\t\t\t\t\t<\/div>\n\t\t\t\t\t\t\t<\/div>\n\t\t\t\t\t\t<\/a>\n\t\t\t\t\t\t<\/div>\n\t\t\t\t<div class=\"elementor-element elementor-element-457afb1 elementor-cta--skin-classic elementor-animated-content elementor-widget elementor-widget-call-to-action\" data-id=\"457afb1\" data-element_type=\"widget\" data-e-type=\"widget\" data-widget_type=\"call-to-action.default\">\n\t\t\t\t\t\t\t<a class=\"elementor-cta\" href=\"https:\/\/develon.si\/sl\/smart-solution\/\">\n\t\t\t\t\t<div class=\"elementor-cta__bg-wrapper\">\n\t\t\t\t<div class=\"elementor-cta__bg elementor-bg\" style=\"background-image: url(https:\/\/develon.si\/wp-content\/uploads\/2026\/04\/smart-solution-1-1024x691-1.webp);\" role=\"img\" aria-label=\"zaslon pametnih re\u0161itev\"><\/div>\n\t\t\t\t<div class=\"elementor-cta__bg-overlay\"><\/div>\n\t\t\t<\/div>\n\t\t\t\t\t\t\t<div class=\"elementor-cta__content\">\n\t\t\t\t\n\t\t\t\t\t\t\t\t\t<h2 class=\"elementor-cta__title elementor-cta__content-item elementor-content-item\">\n\t\t\t\t\t\tPametna re\u0161itev\t\t\t\t\t<\/h2>\n\t\t\t\t\n\t\t\t\t\t\t\t\t\t<span class=\"elementor-cta__description elementor-cta__content-item elementor-content-item\">\n\t\t\t\t\t\t<br>14,5 tone delovne te\u017ee\n<br>1 model\t\t\t\t\t<\/span>\n\t\t\t\t\n\t\t\t\t\t\t\t\t\t<div class=\"elementor-cta__button-wrapper elementor-cta__content-item elementor-content-item\">\n\t\t\t\t\t<span class=\"elementor-cta__button elementor-button elementor-size-\">\n\t\t\t\t\t\tPametna re\u0161itev\t\t\t\t\t<\/span>\n\t\t\t\t\t<\/div>\n\t\t\t\t\t\t\t<\/div>\n\t\t\t\t\t\t<\/a>\n\t\t\t\t\t\t<\/div>\n\t\t\t\t<\/div>\n\t\t\t\t\t<\/div>\n\t\t\t\t<\/div>\n\t\t<div class=\"elementor-element elementor-element-d8480fb e-flex e-con-boxed e-con e-parent\" data-id=\"d8480fb\" data-element_type=\"container\" data-e-type=\"container\">\n\t\t\t\t\t<div class=\"e-con-inner\">\n\t\t\t\t<div class=\"elementor-element elementor-element-ce6f0b1 elementor-widget elementor-widget-heading\" data-id=\"ce6f0b1\" data-element_type=\"widget\" data-e-type=\"widget\" data-widget_type=\"heading.default\">\n\t\t\t\t\t<h2 class=\"elementor-heading-title elementor-size-default\">Develon velika gradbena oprema za maksimalno produktivnost<\/h2>\t\t\t\t<\/div>\n\t\t\t\t<div class=\"elementor-element elementor-element-e70eabc elementor-widget elementor-widget-text-editor\" data-id=\"e70eabc\" data-element_type=\"widget\" data-e-type=\"widget\" data-widget_type=\"text-editor.default\">\n\t\t\t\t\t\t\t\t\t<p>Paleta goseni\u010dnih bagrov Develon v srednjem in te\u017ekem razredu vklju\u010duje 19 modelov z delovnimi mizami od 14 do 100 ton. U\u010dinkovito delovanje te vrste gradbene opreme zagotavlja kombinacija sodobnega dizelskega agregata, inovativnega hidravli\u010dnega sistema in najnaprednej\u0161e tehnologije upravljanja mo\u010di SPC3. Super moderna kabina goseni\u010dnih bagrov Develon navdu\u0161uje s svojo prostornostjo, ergonomsko zasnovo in izjemno bogato opremo za to vrsto gradbene opreme.<\/p><p>Kolesni bagri Develon obsegajo sedem modelov z delovno maso od 11 t do 22 t ter dva dodatna modela za ravnanje z razli\u010dnimi vrstami odpadkov. Ta gradbena oprema ponuja izjemno stabilnost pri delovanju, sposobnost opravljanja razli\u010dnih nalog in hitro gibanje z lastnim pogonom s hitrostmi do 37 km\/h. Upravljavec kolesnega bagra Develon se lahko obra\u010da le z igralno palico (opcija), kar je edinstvena lastnost za to vrsto gradbene opreme.<\/p><p>Develon proizvaja 11 modelov \u010delnih nakladalnikov srednjega razreda z delovnimi mizami od 12 do 35 t in standardnimi \u017elicami od 2 kubi\u010dnih metrov do 6,4 kubi\u010dnih metrov. Ta gradbena oprema je opremljena predvsem z avtomatiziranim 5-stopenjskim menjalnikom Powershift za hitro pospe\u0161evanje, mo\u010dno rezanje in veliko vle\u010dno silo. Modeli s supermodernimi hidrostati\u010dnimi in variatorskimi menjalniki pa \u010delne nakladalnike Develon postavljajo dale\u010d pred konkuren\u010dno gradbeno opremo v tem razredu.<\/p><p>Z nosilnostjo 28 t in 41 t prekucniki Develon dose\u017eejo mesta, kamor drugi tovornjaki preprosto ne morejo \u2013 ne glede na profil terena, v blatu, snegu in ledu. To vrsto gradbene opreme odlikujejo \u0161tevilne specifi\u010dne re\u0161itve, kot so sprednje in zadnje podvozje, povezani s posebnim zgibnim spojem, samonivelirajo\u010de sprednje vzmetenje, zadnje tandemske osi, kolesna formula 6x6, dve osi in en sredinski diferencial \u2013 vse, kar je potrebno za \u017eeleno maksimalno terensko zmogljivost gradbene opreme na kolesih v vseh pogojih.<\/p><p>Develon velika gradbena mehanizacija je va\u0161a prava re\u0161itev za vse velike projekte!<\/p>\t\t\t\t\t\t\t\t<\/div>\n\t\t\t\t<div class=\"elementor-element elementor-element-5c6e410 elementor-widget elementor-widget-heading\" data-id=\"5c6e410\" data-element_type=\"widget\" data-e-type=\"widget\" data-widget_type=\"heading.default\">\n\t\t\t\t\t<h2 class=\"elementor-heading-title elementor-size-default\">Kompaktna gradbena oprema Develon za delo v tesnih prostorih<\/h2>\t\t\t\t<\/div>\n\t\t\t\t<div class=\"elementor-element elementor-element-580d89f elementor-widget elementor-widget-text-editor\" data-id=\"580d89f\" data-element_type=\"widget\" data-e-type=\"widget\" data-widget_type=\"text-editor.default\">\n\t\t\t\t\t\t\t\t\t<p>Paleta kompaktnih bagrov Develon je sestavljena iz 11 modelov z delovno maso od 1 do 9 ton. Goseni\u010dni modeli ponujajo razli\u010dne mo\u017enosti nadgradnje - konvencionalno, z majhnim polmerom obra\u010danja in razli\u010dico brez protiute\u017ei, ki pri obra\u010danju presega tirno \u0161irino. Paleta vklju\u010duje tudi edinstven kolesni bager z nosilnostjo 5,8 tone. Ta gradbena oprema je popolnoma prilagojena za visokozmogljiva dela v zelo tesnih prostorih, zlasti v mestih.<br \/><br \/>Kompaktni nakladalniki z delovnimi mizami od 3,8 t do 5,2 t so najnovej\u0161i dodatek k \u0161iroki paleti gradbene opreme podjetja Develon. Serija, ki jo sestavlja pet modelov, ponuja \u017eeleno kompaktnost, mo\u010d in zmogljivosti za razli\u010dne aplikacije, potrebne na vseh gradbi\u0161\u010dih, pa tudi v kmetijstvu, recikliranju odpadkov in industriji.<br \/><br \/>Kompaktna gradbena oprema Develon je va\u0161 klju\u010d do u\u010dinkovitega dela v omejenih prostorih!<\/p>\t\t\t\t\t\t\t\t<\/div>\n\t\t\t\t<div class=\"elementor-element elementor-element-37ac46d elementor-widget elementor-widget-heading\" data-id=\"37ac46d\" data-element_type=\"widget\" data-e-type=\"widget\" data-widget_type=\"heading.default\">\n\t\t\t\t\t<h2 class=\"elementor-heading-title elementor-size-default\">Sodoben proizvajalec gradbene opreme z bogato zgodovino in pogledom v prihodnost<\/h2>\t\t\t\t<\/div>\n\t\t\t\t<div class=\"elementor-element elementor-element-d10733b elementor-widget elementor-widget-text-editor\" data-id=\"d10733b\" data-element_type=\"widget\" data-e-type=\"widget\" data-widget_type=\"text-editor.default\">\n\t\t\t\t\t\t\t\t\t<div id=\"column_PPOjb\" class=\"hc_column_cnt col-md-12  text-justify text-m\"><div class=\"row\"><div class=\"col-md-12 hc_text_block_cnt\"><div id=\"l7uU1\" class=\"\">Koncern Develon je bil ustanovljen leta 1896, leta 1937 pa je podjetje ustanovilo prvo veliko in\u017eenirsko podjetje v Koreji. V naslednjih desetletjih je Develon zrasel v enega najve\u010djih industrijskih konglomeratov v dr\u017eavi in hitro razvijal svojo dejavnost z gradbeno opremo.<br \/><br \/>Tukaj je nekaj prelomnic v zgodovini vodilnega svetovnega proizvajalca gradbene opreme Develon:<br \/><br \/>\u25cf 1977 \u2013 ustanovitev oddelka za gradbeno opremo;<br \/>\u25cf 1978 \u2013 proizvodnja prvih bagrov v Ju\u017eni Koreji;<br \/>\u25cf 1989 \u2013 prva udele\u017eba na sejmu Bauma v M\u00fcnchnu, najve\u010dji razstavi gradbene opreme na svetu;<br \/>\u25cf 1990 \u2013 ustanovitev lastnega podjetja za gradbeno opremo v Belgiji (Develon Infracore Europe);<br \/>\u25cf 1992 \u2013 za\u010detek proizvodnje \u010delnih nakladalnikov;<br \/>\u25cf 2007 \u2013 prevzem lastni\u0161tva podjetja Bobcat, vodilnega svetovnega proizvajalca kompaktne gradbene opreme;<br \/>\u25cf 2008 \u2013 pridobitev lastni\u0161tva tovarne prekucnikov Moxy na Norve\u0161kem.<br \/><br \/><\/div><\/div><\/div><\/div><div id=\"column_oVOSq\" class=\"hc_column_cnt col-md-12  col-center\"><div class=\"row\"><div class=\"col-md-12 hc_text_block_cnt\"><div id=\"invH8\" class=\"\">Concept-X je re\u0161itev, ki temelji na tehnologiji, optimizirani za prihodnja gradbi\u0161\u010da, kot so avtomatizirane naloge geodetskega pregleda gradbi\u0161\u010d z uporabo brezpilotnih letalnikov (UAV), avtomatizacija brezpilotne opreme in daljinsko upravljanje na podlagi komunikacije 5G.<\/div><\/div><\/div><\/div>\t\t\t\t\t\t\t\t<\/div>\n\t\t\t\t\t<\/div>\n\t\t\t\t<\/div>\n\t\t<div class=\"elementor-element elementor-element-73de260 e-flex e-con-boxed e-con e-parent\" data-id=\"73de260\" data-element_type=\"container\" data-e-type=\"container\">\n\t\t\t\t\t<div class=\"e-con-inner\">\n\t\t\t\t<div class=\"elementor-element elementor-element-dd13bd5 elementor-widget elementor-widget-heading\" data-id=\"dd13bd5\" data-element_type=\"widget\" data-e-type=\"widget\" data-widget_type=\"heading.default\">\n\t\t\t\t\t<h2 class=\"elementor-heading-title elementor-size-default\">Pogled v bli\u017enjo prihodnost z Develonom:<\/h2>\t\t\t\t<\/div>\n\t\t\t\t<div class=\"elementor-element elementor-element-0627b78 elementor-widget elementor-widget-video\" data-id=\"0627b78\" data-element_type=\"widget\" data-e-type=\"widget\" data-settings=\"{&quot;youtube_url&quot;:&quot;https:\\\/\\\/youtu.be\\\/DtYYB4lv6-I&quot;,&quot;video_type&quot;:&quot;youtube&quot;}\" data-widget_type=\"video.default\">\n\t\t\t\t\t\t\t<div class=\"elementor-wrapper elementor-open-inline\">\n\t\t\t<div class=\"elementor-video\"><\/div>\t\t<\/div>\n\t\t\t\t\t\t<\/div>\n\t\t\t\t\t<\/div>\n\t\t\t\t<\/div>\n\t\t\t\t<\/div>","protected":false},"excerpt":{"rendered":"<p>Gradbena oprema Develon \u2013 bodite pred konkurenco Develon je eden vodilnih svetovnih proizvajalcev gradbene opreme. Ju\u017enokorejsko podjetje se \u017ee vrsto let dosledno uvr\u0161\u010da med deset najbolj\u0161ih svetovnih proizvajalcev gradbene opreme glede na letne prihodke. To presti\u017eno mesto med najve\u010djimi v panogi si Develon prizadeva za nenehno uvajanje novih [\u2026]<\/p>","protected":false},"author":1,"featured_media":33440912,"parent":0,"menu_order":0,"comment_status":"closed","ping_status":"closed","template":"","meta":{"_acf_changed":false,"pgc_sgb_lightbox_settings":"","footnotes":""},"class_list":["post-33514533","page","type-page","status-publish","has-post-thumbnail","hentry"],"acf":[],"featured_image_src":"https:\/\/develon.si\/wp-content\/uploads\/2026\/03\/develon.jpg","_links":{"self":[{"href":"https:\/\/develon.si\/sl\/wp-json\/wp\/v2\/pages\/33514533","targetHints":{"allow":["GET"]}}],"collection":[{"href":"https:\/\/develon.si\/sl\/wp-json\/wp\/v2\/pages"}],"about":[{"href":"https:\/\/develon.si\/sl\/wp-json\/wp\/v2\/types\/page"}],"author":[{"embeddable":true,"href":"https:\/\/develon.si\/sl\/wp-json\/wp\/v2\/users\/1"}],"replies":[{"embeddable":true,"href":"https:\/\/develon.si\/sl\/wp-json\/wp\/v2\/comments?post=33514533"}],"version-history":[{"count":70,"href":"https:\/\/develon.si\/sl\/wp-json\/wp\/v2\/pages\/33514533\/revisions"}],"predecessor-version":[{"id":33515793,"href":"https:\/\/develon.si\/sl\/wp-json\/wp\/v2\/pages\/33514533\/revisions\/33515793"}],"wp:featuredmedia":[{"embeddable":true,"href":"https:\/\/develon.si\/sl\/wp-json\/wp\/v2\/media\/33440912"}],"wp:attachment":[{"href":"https:\/\/develon.si\/sl\/wp-json\/wp\/v2\/media?parent=33514533"}],"curies":[{"name":"wp","href":"https:\/\/api.w.org\/{rel}","templated":true}]}}