{"id":33514575,"date":"2026-03-23T11:09:30","date_gmt":"2026-03-23T11:09:30","guid":{"rendered":"https:\/\/develon.agma.bg\/?page_id=33514575"},"modified":"2026-05-08T08:22:18","modified_gmt":"2026-05-08T08:22:18","slug":"develon-digitalna-platforma","status":"publish","type":"page","link":"https:\/\/develon.si\/sl\/inovatsii\/develon-digitalna-platforma\/","title":{"rendered":"Develon digitalna platforma"},"content":{"rendered":"<div data-elementor-type=\"wp-page\" data-elementor-id=\"33514575\" class=\"elementor elementor-33514575\" data-elementor-post-type=\"page\">\n\t\t\t\t<div class=\"elementor-element elementor-element-f8b593f e-flex e-con-boxed e-con e-parent\" data-id=\"f8b593f\" data-element_type=\"container\" data-e-type=\"container\">\n\t\t\t\t\t<div class=\"e-con-inner\">\n\t\t\t\t<div class=\"elementor-element elementor-element-9f58d1d elementor-widget elementor-widget-text-editor\" data-id=\"9f58d1d\" data-element_type=\"widget\" data-e-type=\"widget\" data-widget_type=\"text-editor.default\">\n\t\t\t\t\t\t\t\t\t<div class=\"header-title overlay-container white\" data-sub-height=\"\"><div class=\"overlay-content overlaybox\"><div class=\"container\"><div class=\"title-base\"><div class=\"col-md-12 hc_text_block_cnt\"><div id=\"xJS3p\" class=\"\">DEVELON Digital Platform je mobilna aplikacija, ki ponuja popolno upravljanje gradbene opreme DEVELON. Vse, kar je povezano z upravljanjem va\u0161ega stroja, je mogo\u010de storiti na enem mestu. DEVELON Digital Platform vam pomaga, da porabite manj \u010dasa za upravljanje opreme, hkrati pa pove\u010date produktivnost gradbi\u0161\u010d.<\/div><\/div><\/div><\/div><\/div><\/div>\t\t\t\t\t\t\t\t<\/div>\n\t\t\t\t<div class=\"elementor-element elementor-element-6012199 elementor-widget elementor-widget-button\" data-id=\"6012199\" data-element_type=\"widget\" data-e-type=\"widget\" data-widget_type=\"button.default\">\n\t\t\t\t\t\t\t\t\t\t<a class=\"elementor-button elementor-button-link elementor-size-sm\" href=\"https:\/\/eu.develon-ce.com\/media\/download\/26738\">\n\t\t\t\t\t\t<span class=\"elementor-button-content-wrapper\">\n\t\t\t\t\t\t\t\t\t<span class=\"elementor-button-text\">Prenesi bro\u0161uro<\/span>\n\t\t\t\t\t<\/span>\n\t\t\t\t\t<\/a>\n\t\t\t\t\t\t\t\t<\/div>\n\t\t\t\t<div class=\"elementor-element elementor-element-a1a12e1 elementor-widget elementor-widget-video\" data-id=\"a1a12e1\" data-element_type=\"widget\" data-e-type=\"widget\" data-settings=\"{&quot;youtube_url&quot;:&quot;https:\\\/\\\/youtu.be\\\/ns7mNWYdIOU&quot;,&quot;video_type&quot;:&quot;youtube&quot;}\" data-widget_type=\"video.default\">\n\t\t\t\t\t\t\t<div class=\"elementor-wrapper elementor-open-inline\">\n\t\t\t<div class=\"elementor-video\"><\/div>\t\t<\/div>\n\t\t\t\t\t\t<\/div>\n\t\t\t\t\t<\/div>\n\t\t\t\t<\/div>\n\t\t<div class=\"elementor-element elementor-element-859fce0 e-flex e-con-boxed e-con e-parent\" data-id=\"859fce0\" data-element_type=\"container\" data-e-type=\"container\">\n\t\t\t\t\t<div class=\"e-con-inner\">\n\t\t\t\t<div class=\"elementor-element elementor-element-78d3f67 elementor-widget elementor-widget-heading\" data-id=\"78d3f67\" data-element_type=\"widget\" data-e-type=\"widget\" data-widget_type=\"heading.default\">\n\t\t\t\t\t<h2 class=\"elementor-heading-title elementor-size-default\">VSE, KAR POTREBUJETE ZA SVOJ STROJ<\/h2>\t\t\t\t<\/div>\n\t\t<div class=\"elementor-element elementor-element-714859a e-con-full e-flex e-con e-child\" data-id=\"714859a\" data-element_type=\"container\" data-e-type=\"container\">\n\t\t\t\t<div class=\"elementor-element elementor-element-2968733 elementor-widget elementor-widget-text-editor\" data-id=\"2968733\" data-element_type=\"widget\" data-e-type=\"widget\" data-widget_type=\"text-editor.default\">\n\t\t\t\t\t\t\t\t\t<div class=\"col-md-12 hc_text_block_cnt\"><div id=\"DZeh8\" class=\"no-paddings\"><div class=\"col-md-12 hc_title_tag_cnt\"><h4 id=\"uOzj8\" class=\"no-paddings\">Preverjanje podrobnosti o opremi telefona<\/h4><\/div><div class=\"col-md-12 hc_text_block_cnt\"><div id=\"Fl1eX\" class=\"\">DEVELON-ova digitalna platforma vam omogo\u010da enostavno in priro\u010dno preverjanje podatkov o opremi in stro\u0161kov vzdr\u017eevanja. Poleg tega enostavna nadzorna plo\u0161\u010da omogo\u010da hiter pregled potrebnih informacij. DEVELON-ova digitalna platforma vam prihrani iskanje po dnevnikih, klicanje ali osebni obisk gradbi\u0161\u010da. Nastavite lahko tudi u\u010dinkovitej\u0161i urnik dela, odvisno od napredka gradbi\u0161\u010da.<br \/><br \/>Z digitalno platformo DEVELON upravljanje opreme ni ve\u010d te\u017eka naloga.<\/div><\/div><\/div><\/div>\t\t\t\t\t\t\t\t<\/div>\n\t\t\t\t<\/div>\n\t\t<div class=\"elementor-element elementor-element-1cfdbea e-con-full e-flex e-con e-child\" data-id=\"1cfdbea\" data-element_type=\"container\" data-e-type=\"container\">\n\t\t\t\t<div class=\"elementor-element elementor-element-5e1f705 elementor-widget elementor-widget-image\" data-id=\"5e1f705\" data-element_type=\"widget\" data-e-type=\"widget\" data-widget_type=\"image.default\">\n\t\t\t\t\t\t\t\t\t\t\t\t\t\t\t<img fetchpriority=\"high\" decoding=\"async\" width=\"800\" height=\"334\" src=\"https:\/\/develon.si\/wp-content\/uploads\/2026\/03\/1.section_develon_web-1.webp\" class=\"attachment-large size-large wp-image-33514580\" alt=\"\" srcset=\"https:\/\/develon.si\/wp-content\/uploads\/2026\/03\/1.section_develon_web-1.webp 941w, https:\/\/develon.si\/wp-content\/uploads\/2026\/03\/1.section_develon_web-1-300x125.webp 300w, https:\/\/develon.si\/wp-content\/uploads\/2026\/03\/1.section_develon_web-1-768x321.webp 768w, https:\/\/develon.si\/wp-content\/uploads\/2026\/03\/1.section_develon_web-1-600x251.webp 600w, https:\/\/develon.si\/wp-content\/uploads\/2026\/03\/1.section_develon_web-1-280x117.webp 280w\" sizes=\"(max-width: 800px) 100vw, 800px\" \/>\t\t\t\t\t\t\t\t\t\t\t\t\t\t\t<\/div>\n\t\t\t\t<\/div>\n\t\t\t\t\t<\/div>\n\t\t\t\t<\/div>\n\t\t<div class=\"elementor-element elementor-element-e8a1803 e-flex e-con-boxed e-con e-parent\" data-id=\"e8a1803\" data-element_type=\"container\" data-e-type=\"container\">\n\t\t\t\t\t<div class=\"e-con-inner\">\n\t\t<div class=\"elementor-element elementor-element-6121e24 e-con-full e-flex e-con e-child\" data-id=\"6121e24\" data-element_type=\"container\" data-e-type=\"container\">\n\t\t\t\t<div class=\"elementor-element elementor-element-467ba6c elementor-widget elementor-widget-text-editor\" data-id=\"467ba6c\" data-element_type=\"widget\" data-e-type=\"widget\" data-widget_type=\"text-editor.default\">\n\t\t\t\t\t\t\t\t\t<div class=\"col-md-12 hc_text_block_cnt\"><div id=\"DZeh8\" class=\"no-paddings\"><div id=\"column_2KCG7\" class=\"hc_column_cnt col-md-12\"><div class=\"row\"><div class=\"col-md-12 hc_text_block_cnt\"><div id=\"LdylN\" class=\"\"><div class=\"col-md-12 hc_title_tag_cnt\"><h4 id=\"F8N77\" class=\"\">Prilagojene storitve za vas<\/h4><\/div><div class=\"col-md-12 hc_text_block_cnt\"><div id=\"d8ap3\" class=\"\">DEVELON-ova digitalna platforma ponuja prilagojen nadzor nad va\u0161im strojem.<br \/><br \/>S to aplikacijo boste prejeli kontrolni seznam s podrobnimi informacijami o obratovalnih urah in obvestilo o zamenjavi potro\u0161nega materiala, ki ga je treba zamenjati. Digitalna platforma DEVELON vam pove, kaj potrebujete in kaj morate storiti. Poleg tega boste prejeli obvestilo o okvari, \u010de je va\u0161a oprema v neobi\u010dajnem stanju. Servis lahko zahtevate neposredno in v aplikaciji preverite napredek.<br \/><br \/>S pomo\u010djo digitalne platforme DEVELON lahko zmanj\u0161ate \u010das izpada va\u0161e opreme.<\/div><\/div><\/div><\/div><\/div><\/div><\/div><\/div>\t\t\t\t\t\t\t\t<\/div>\n\t\t\t\t<\/div>\n\t\t\t\t\t<\/div>\n\t\t\t\t<\/div>\n\t\t<div class=\"elementor-element elementor-element-91fc361 e-flex e-con-boxed e-con e-parent\" data-id=\"91fc361\" data-element_type=\"container\" data-e-type=\"container\">\n\t\t\t\t\t<div class=\"e-con-inner\">\n\t\t\t\t<div class=\"elementor-element elementor-element-45ffcc9 elementor-widget elementor-widget-image\" data-id=\"45ffcc9\" data-element_type=\"widget\" data-e-type=\"widget\" data-widget_type=\"image.default\">\n\t\t\t\t\t\t\t\t\t\t\t\t\t\t\t<img decoding=\"async\" width=\"800\" height=\"467\" src=\"https:\/\/develon.si\/wp-content\/uploads\/2026\/03\/illustrace2-1.webp\" class=\"attachment-large size-large wp-image-33514581\" alt=\"\" srcset=\"https:\/\/develon.si\/wp-content\/uploads\/2026\/03\/illustrace2-1.webp 939w, https:\/\/develon.si\/wp-content\/uploads\/2026\/03\/illustrace2-1-300x175.webp 300w, https:\/\/develon.si\/wp-content\/uploads\/2026\/03\/illustrace2-1-768x448.webp 768w, https:\/\/develon.si\/wp-content\/uploads\/2026\/03\/illustrace2-1-600x350.webp 600w, https:\/\/develon.si\/wp-content\/uploads\/2026\/03\/illustrace2-1-274x160.webp 274w\" sizes=\"(max-width: 800px) 100vw, 800px\" \/>\t\t\t\t\t\t\t\t\t\t\t\t\t\t\t<\/div>\n\t\t\t\t<div class=\"elementor-element elementor-element-64fb83c elementor-widget elementor-widget-image\" data-id=\"64fb83c\" data-element_type=\"widget\" data-e-type=\"widget\" data-widget_type=\"image.default\">\n\t\t\t\t\t\t\t\t\t\t\t\t\t\t\t<img decoding=\"async\" width=\"800\" height=\"406\" src=\"https:\/\/develon.si\/wp-content\/uploads\/2026\/03\/digital-platform-3-1.webp\" class=\"attachment-large size-large wp-image-33514582\" alt=\"\" srcset=\"https:\/\/develon.si\/wp-content\/uploads\/2026\/03\/digital-platform-3-1.webp 940w, https:\/\/develon.si\/wp-content\/uploads\/2026\/03\/digital-platform-3-1-300x152.webp 300w, https:\/\/develon.si\/wp-content\/uploads\/2026\/03\/digital-platform-3-1-768x390.webp 768w, https:\/\/develon.si\/wp-content\/uploads\/2026\/03\/digital-platform-3-1-600x304.webp 600w, https:\/\/develon.si\/wp-content\/uploads\/2026\/03\/digital-platform-3-1-280x142.webp 280w\" sizes=\"(max-width: 800px) 100vw, 800px\" \/>\t\t\t\t\t\t\t\t\t\t\t\t\t\t\t<\/div>\n\t\t\t\t<div class=\"elementor-element elementor-element-a90a695 elementor-widget-divider--view-line elementor-widget elementor-widget-divider\" data-id=\"a90a695\" data-element_type=\"widget\" data-e-type=\"widget\" data-widget_type=\"divider.default\">\n\t\t\t\t\t\t\t<div class=\"elementor-divider\">\n\t\t\t<span class=\"elementor-divider-separator\">\n\t\t\t\t\t\t<\/span>\n\t\t<\/div>\n\t\t\t\t\t\t<\/div>\n\t\t\t\t<div class=\"elementor-element elementor-element-378c982 elementor-widget elementor-widget-heading\" data-id=\"378c982\" data-element_type=\"widget\" data-e-type=\"widget\" data-widget_type=\"heading.default\">\n\t\t\t\t\t<h2 class=\"elementor-heading-title elementor-size-default\">Video vadnica\n<\/h2>\t\t\t\t<\/div>\n\t\t\t\t<div class=\"elementor-element elementor-element-9c1aa2f elementor-widget elementor-widget-video\" data-id=\"9c1aa2f\" data-element_type=\"widget\" data-e-type=\"widget\" data-settings=\"{&quot;youtube_url&quot;:&quot;https:\\\/\\\/youtu.be\\\/7yezYZjs8MA&quot;,&quot;video_type&quot;:&quot;youtube&quot;,&quot;controls&quot;:&quot;yes&quot;}\" data-widget_type=\"video.default\">\n\t\t\t\t\t\t\t<div class=\"elementor-wrapper elementor-open-inline\">\n\t\t\t<div class=\"elementor-video\"><\/div>\t\t<\/div>\n\t\t\t\t\t\t<\/div>\n\t\t\t\t\t<\/div>\n\t\t\t\t<\/div>\n\t\t<div class=\"elementor-element elementor-element-d5f3505 e-grid e-con-boxed e-con e-parent\" data-id=\"d5f3505\" data-element_type=\"container\" data-e-type=\"container\">\n\t\t\t\t\t<div class=\"e-con-inner\">\n\t\t\t\t<div class=\"elementor-element elementor-element-2592db8 elementor-position-top elementor-widget elementor-widget-image-box\" data-id=\"2592db8\" data-element_type=\"widget\" data-e-type=\"widget\" data-widget_type=\"image-box.default\">\n\t\t\t\t\t<div class=\"elementor-image-box-wrapper\"><figure class=\"elementor-image-box-img\"><img loading=\"lazy\" decoding=\"async\" width=\"50\" height=\"72\" src=\"https:\/\/develon.si\/wp-content\/uploads\/2026\/03\/20211123-Doosan-icon-info-e1698846476645.png\" class=\"attachment-full size-full wp-image-33514593\" alt=\"\" \/><\/figure><div class=\"elementor-image-box-content\"><h4 class=\"elementor-image-box-title\">INFORMACIJE O OPREMI<\/h4><p class=\"elementor-image-box-description\">Razmi\u0161ljate o nakupu opreme? Prebrskajte bro\u0161ure, ki vas zanimajo, primerjajte specifikacije opreme in zahtevajte ponudbo pri lokalnem prodajalcu.\n<\/p><\/div><\/div>\t\t\t\t<\/div>\n\t\t\t\t<div class=\"elementor-element elementor-element-a94ab53 elementor-position-top elementor-widget elementor-widget-image-box\" data-id=\"a94ab53\" data-element_type=\"widget\" data-e-type=\"widget\" data-widget_type=\"image-box.default\">\n\t\t\t\t\t<div class=\"elementor-image-box-wrapper\"><figure class=\"elementor-image-box-img\"><img loading=\"lazy\" decoding=\"async\" width=\"50\" height=\"52\" src=\"https:\/\/develon.si\/wp-content\/uploads\/2026\/03\/20211123-Doosan-icon-equipment-e1698846366413.png\" class=\"attachment-full size-full wp-image-33514592\" alt=\"\" \/><\/figure><div class=\"elementor-image-box-content\"><h4 class=\"elementor-image-box-title\">MOJ STROJ<\/h4><p class=\"elementor-image-box-description\">Vse podatke o opremi in stro\u0161ke vzdr\u017eevanja lahko preprosto in priro\u010dno preverite prek preproste nadzorne plo\u0161\u010de.\n<\/p><\/div><\/div>\t\t\t\t<\/div>\n\t\t\t\t<div class=\"elementor-element elementor-element-1563138 elementor-position-top elementor-widget elementor-widget-image-box\" data-id=\"1563138\" data-element_type=\"widget\" data-e-type=\"widget\" data-widget_type=\"image-box.default\">\n\t\t\t\t\t<div class=\"elementor-image-box-wrapper\"><figure class=\"elementor-image-box-img\"><img loading=\"lazy\" decoding=\"async\" width=\"50\" height=\"68\" src=\"https:\/\/develon.si\/wp-content\/uploads\/2026\/03\/20211123-Doosan-icon-service-e1698846351942.png\" class=\"attachment-full size-full wp-image-33514591\" alt=\"\" \/><\/figure><div class=\"elementor-image-box-content\"><h4 class=\"elementor-image-box-title\">PERSONALIZIRANA STORITEV<\/h4><p class=\"elementor-image-box-description\">Prejemajte obvestila s pritiskom na gumb, ko oprema potrebuje pozornost, in u\u010dinkovito upravljajte svoj stroj s kontrolnim seznamom, ki temelji na \u017eivljenjski dobi stroja. Servis lahko zahtevate neposredno in preverite napredek.<\/p><\/div><\/div>\t\t\t\t<\/div>\n\t\t\t\t<div class=\"elementor-element elementor-element-b4dcf30 elementor-position-top elementor-widget elementor-widget-image-box\" data-id=\"b4dcf30\" data-element_type=\"widget\" data-e-type=\"widget\" data-widget_type=\"image-box.default\">\n\t\t\t\t\t<div class=\"elementor-image-box-wrapper\"><figure class=\"elementor-image-box-img\"><img loading=\"lazy\" decoding=\"async\" width=\"50\" height=\"55\" src=\"https:\/\/develon.si\/wp-content\/uploads\/2026\/03\/20211123-Doosan-icon-parts-eshop-e1698846385926.png\" class=\"attachment-full size-full wp-image-33514590\" alt=\"\" \/><\/figure><div class=\"elementor-image-box-content\"><h4 class=\"elementor-image-box-title\">SPLETNA TRGOVINA Z DELI<\/h4><p class=\"elementor-image-box-description\">Pomaga vam hitro kupiti originalne dele s preverjeno kakovostjo. Dele, ki jih potrebujete, lahko naro\u010dite hitro in enostavno z iskanjem pravih delov za va\u0161o opremo.<\/p><\/div><\/div>\t\t\t\t<\/div>\n\t\t\t\t<div class=\"elementor-element elementor-element-47f9781 elementor-position-top elementor-widget elementor-widget-image-box\" data-id=\"47f9781\" data-element_type=\"widget\" data-e-type=\"widget\" data-widget_type=\"image-box.default\">\n\t\t\t\t\t<div class=\"elementor-image-box-wrapper\"><figure class=\"elementor-image-box-img\"><img loading=\"lazy\" decoding=\"async\" width=\"50\" height=\"50\" src=\"https:\/\/develon.si\/wp-content\/uploads\/2026\/03\/20211123-Doosan-icon-social-e1698846506798.png\" class=\"attachment-full size-full wp-image-33514589\" alt=\"\" \/><\/figure><div class=\"elementor-image-box-content\"><h4 class=\"elementor-image-box-title\">ZID DRU\u017dBENIH MEDIJEV<\/h4><p class=\"elementor-image-box-description\">U\u017eivajte trenutek z gradbeno opremo Develon!<\/p><\/div><\/div>\t\t\t\t<\/div>\n\t\t\t\t\t<\/div>\n\t\t\t\t<\/div>\n\t\t\t\t<\/div>","protected":false},"excerpt":{"rendered":"<p>DEVELON Digital Platform je mobilna aplikacija, ki ponuja popolno upravljanje gradbene opreme DEVELON. Vse, kar je povezano z upravljanjem va\u0161ega stroja, je mogo\u010de storiti na enem mestu. nnDEVELON Digital Platform vam pomaga, da porabite manj \u010dasa za upravljanje opreme, hkrati pa pove\u010date produktivnost gradbi\u0161\u010d. Prenesite bro\u0161uro https:\/\/youtu.be\/ns7mNWYdIOU VSE, KAR POTREBUJETE ZA [\u2026]<\/p>","protected":false},"author":1,"featured_media":33514576,"parent":33441037,"menu_order":0,"comment_status":"closed","ping_status":"closed","template":"","meta":{"_acf_changed":false,"pgc_sgb_lightbox_settings":"","footnotes":""},"class_list":["post-33514575","page","type-page","status-publish","has-post-thumbnail","hentry"],"acf":[],"featured_image_src":"https:\/\/develon.si\/wp-content\/uploads\/2026\/03\/digital-platform-01-1-1.jpg","_links":{"self":[{"href":"https:\/\/develon.si\/sl\/wp-json\/wp\/v2\/pages\/33514575","targetHints":{"allow":["GET"]}}],"collection":[{"href":"https:\/\/develon.si\/sl\/wp-json\/wp\/v2\/pages"}],"about":[{"href":"https:\/\/develon.si\/sl\/wp-json\/wp\/v2\/types\/page"}],"author":[{"embeddable":true,"href":"https:\/\/develon.si\/sl\/wp-json\/wp\/v2\/users\/1"}],"replies":[{"embeddable":true,"href":"https:\/\/develon.si\/sl\/wp-json\/wp\/v2\/comments?post=33514575"}],"version-history":[{"count":25,"href":"https:\/\/develon.si\/sl\/wp-json\/wp\/v2\/pages\/33514575\/revisions"}],"predecessor-version":[{"id":33515719,"href":"https:\/\/develon.si\/sl\/wp-json\/wp\/v2\/pages\/33514575\/revisions\/33515719"}],"up":[{"embeddable":true,"href":"https:\/\/develon.si\/sl\/wp-json\/wp\/v2\/pages\/33441037"}],"wp:featuredmedia":[{"embeddable":true,"href":"https:\/\/develon.si\/sl\/wp-json\/wp\/v2\/media\/33514576"}],"wp:attachment":[{"href":"https:\/\/develon.si\/sl\/wp-json\/wp\/v2\/media?parent=33514575"}],"curies":[{"name":"wp","href":"https:\/\/api.w.org\/{rel}","templated":true}]}}