{"id":33514600,"date":"2026-03-25T11:14:35","date_gmt":"2026-03-25T11:14:35","guid":{"rendered":"https:\/\/develon.agma.bg\/?page_id=33514600"},"modified":"2026-03-25T11:46:11","modified_gmt":"2026-03-25T11:46:11","slug":"kontseptsia-x2","status":"publish","type":"page","link":"https:\/\/develon.si\/sl\/inovatsii\/kontseptsia-x2\/","title":{"rendered":"KONCEPT X2"},"content":{"rendered":"<div data-elementor-type=\"wp-page\" data-elementor-id=\"33514600\" class=\"elementor elementor-33514600\" data-elementor-post-type=\"page\">\n\t\t\t\t<div class=\"elementor-element elementor-element-f8b593f e-flex e-con-boxed e-con e-parent\" data-id=\"f8b593f\" data-element_type=\"container\" data-e-type=\"container\">\n\t\t\t\t\t<div class=\"e-con-inner\">\n\t\t<div class=\"elementor-element elementor-element-5b222b6 e-con-full e-flex e-con e-child\" data-id=\"5b222b6\" data-element_type=\"container\" data-e-type=\"container\">\n\t\t<div class=\"elementor-element elementor-element-8f76954 e-con-full e-flex e-con e-child\" data-id=\"8f76954\" data-element_type=\"container\" data-e-type=\"container\">\n\t\t\t\t<div class=\"elementor-element elementor-element-9c0eca3 elementor-widget elementor-widget-heading\" data-id=\"9c0eca3\" data-element_type=\"widget\" data-e-type=\"widget\" data-widget_type=\"heading.default\">\n\t\t\t\t\t<h2 class=\"elementor-heading-title elementor-size-default\">Uspeh strank je na prvem mestu\n<\/h2>\t\t\t\t<\/div>\n\t\t\t\t<div class=\"elementor-element elementor-element-4e5a294 elementor-widget elementor-widget-image\" data-id=\"4e5a294\" data-element_type=\"widget\" data-e-type=\"widget\" data-widget_type=\"image.default\">\n\t\t\t\t\t\t\t\t\t\t\t\t\t\t\t<img fetchpriority=\"high\" decoding=\"async\" width=\"800\" height=\"262\" src=\"https:\/\/develon.si\/wp-content\/uploads\/2026\/03\/develon-hdi-billboard.webp\" class=\"attachment-full size-full wp-image-33514603\" alt=\"\" srcset=\"https:\/\/develon.si\/wp-content\/uploads\/2026\/03\/develon-hdi-billboard.webp 800w, https:\/\/develon.si\/wp-content\/uploads\/2026\/03\/develon-hdi-billboard-300x98.webp 300w, https:\/\/develon.si\/wp-content\/uploads\/2026\/03\/develon-hdi-billboard-768x252.webp 768w, https:\/\/develon.si\/wp-content\/uploads\/2026\/03\/develon-hdi-billboard-600x197.webp 600w, https:\/\/develon.si\/wp-content\/uploads\/2026\/03\/develon-hdi-billboard-280x92.webp 280w\" sizes=\"(max-width: 800px) 100vw, 800px\" \/>\t\t\t\t\t\t\t\t\t\t\t\t\t\t\t<\/div>\n\t\t\t\t<\/div>\n\t\t<div class=\"elementor-element elementor-element-46723ac e-con-full e-flex e-con e-child\" data-id=\"46723ac\" data-element_type=\"container\" data-e-type=\"container\">\n\t\t\t\t<div class=\"elementor-element elementor-element-9f58d1d elementor-widget elementor-widget-text-editor\" data-id=\"9f58d1d\" data-element_type=\"widget\" data-e-type=\"widget\" data-widget_type=\"text-editor.default\">\n\t\t\t\t\t\t\t\t\t<div class=\"header-title overlay-container white\" data-sub-height=\"\"><div class=\"overlay-content overlaybox\"><div class=\"container\"><div class=\"title-base\"><div class=\"col-md-12 hc_text_block_cnt\"><div id=\"c8Jgt\" class=\"\">DEVELON-ov Concept-X2 s pomo\u010djo mo\u010di tehnologije v kombinaciji s \u010dlove\u0161kimi inovacijami revolucionira gradbeno industrijo. Projekt, ki ga poganja pristop, osredoto\u010den na stranko, se osredoto\u010da na zagotavljanje konkretnih koristi na\u0161im strankam. Concept-X2 na novo opredeljuje odnos med \u010dlovekom in strojem ter omogo\u010da u\u010dinkovitej\u0161o komunikacijo na vseh podro\u010djih. Pomaga voditi celoten gradbeni proces \u2013 od topografskih analiz z uporabo dronov do ustvarjanja gradbenih na\u010drtov, ki temeljijo na podatkih. Zahvaljujo\u010d tehnologiji umetne inteligence bager Concept-X2 optimizira svoje delo z uporabo podatkov, analiziranih in posredovanih prek X-centra. Njegovo avtonomno delovanje in napredni nadzorni center zagotavljata varno in natan\u010dno delovanje med ocenjevanjem, na\u010drtovanjem in nadzorom vsakega gradbi\u0161\u010da.<\/div><\/div><\/div><\/div><\/div><\/div>\t\t\t\t\t\t\t\t<\/div>\n\t\t\t\t<\/div>\n\t\t\t\t<\/div>\n\t\t\t\t\t<\/div>\n\t\t\t\t<\/div>\n\t\t<div class=\"elementor-element elementor-element-859fce0 e-flex e-con-boxed e-con e-parent\" data-id=\"859fce0\" data-element_type=\"container\" data-e-type=\"container\">\n\t\t\t\t\t<div class=\"e-con-inner\">\n\t\t\t\t<div class=\"elementor-element elementor-element-2968733 elementor-widget elementor-widget-text-editor\" data-id=\"2968733\" data-element_type=\"widget\" data-e-type=\"widget\" data-widget_type=\"text-editor.default\">\n\t\t\t\t\t\t\t\t\t<div class=\"col-md-12 hc_text_block_cnt\"><div id=\"DZeh8\" class=\"no-paddings\"><div class=\"col-md-12 hc_text_block_cnt\"><div id=\"RuYFE\" class=\"\">Do\u017eivite prihodnost pametne gradnje s Concept-X2 podjetja DEVELON, kjer se tehnologija in ljudje zdru\u017eijo, da bi zagotovili izjemno uporabni\u0161ko izku\u0161njo.<\/div><\/div><\/div><\/div>\t\t\t\t\t\t\t\t<\/div>\n\t\t\t\t\t<\/div>\n\t\t\t\t<\/div>\n\t\t<div class=\"elementor-element elementor-element-82c968c e-flex e-con-boxed e-con e-parent\" data-id=\"82c968c\" data-element_type=\"container\" data-e-type=\"container\">\n\t\t\t\t\t<div class=\"e-con-inner\">\n\t\t<div class=\"elementor-element elementor-element-0cebe7a e-con-full e-flex e-con e-child\" data-id=\"0cebe7a\" data-element_type=\"container\" data-e-type=\"container\">\n\t\t\t\t<div class=\"elementor-element elementor-element-5b7c473 elementor-widget elementor-widget-heading\" data-id=\"5b7c473\" data-element_type=\"widget\" data-e-type=\"widget\" data-widget_type=\"heading.default\">\n\t\t\t\t\t<h2 class=\"elementor-heading-title elementor-size-default\">Do\u017eivite prihodnost pametne gradnje s Concept-X2 podjetja DEVELON, kjer se tehnologija in ljudje zdru\u017eijo, da bi zagotovili izjemno uporabni\u0161ko izku\u0161njo.<\/h2>\t\t\t\t<\/div>\n\t\t\t\t<div class=\"elementor-element elementor-element-e16f44e elementor-widget elementor-widget-image\" data-id=\"e16f44e\" data-element_type=\"widget\" data-e-type=\"widget\" data-widget_type=\"image.default\">\n\t\t\t\t\t\t\t\t\t\t\t\t\t\t\t<img decoding=\"async\" width=\"800\" height=\"236\" src=\"https:\/\/develon.si\/wp-content\/uploads\/2026\/03\/concept-x2-family-e1698840974794-1024x302.webp\" class=\"attachment-large size-large wp-image-33514604\" alt=\"\" srcset=\"https:\/\/develon.si\/wp-content\/uploads\/2026\/03\/concept-x2-family-e1698840974794-1024x302.webp 1024w, https:\/\/develon.si\/wp-content\/uploads\/2026\/03\/concept-x2-family-e1698840974794-300x88.webp 300w, https:\/\/develon.si\/wp-content\/uploads\/2026\/03\/concept-x2-family-e1698840974794-768x226.webp 768w, https:\/\/develon.si\/wp-content\/uploads\/2026\/03\/concept-x2-family-e1698840974794-1536x452.webp 1536w, https:\/\/develon.si\/wp-content\/uploads\/2026\/03\/concept-x2-family-e1698840974794-600x177.webp 600w, https:\/\/develon.si\/wp-content\/uploads\/2026\/03\/concept-x2-family-e1698840974794-280x82.webp 280w, https:\/\/develon.si\/wp-content\/uploads\/2026\/03\/concept-x2-family-e1698840974794.webp 1800w\" sizes=\"(max-width: 800px) 100vw, 800px\" \/>\t\t\t\t\t\t\t\t\t\t\t\t\t\t\t<\/div>\n\t\t\t\t<\/div>\n\t\t\t\t\t<\/div>\n\t\t\t\t<\/div>\n\t\t<div class=\"elementor-element elementor-element-f4fa5ad e-flex e-con-boxed e-con e-parent\" data-id=\"f4fa5ad\" data-element_type=\"container\" data-e-type=\"container\">\n\t\t\t\t\t<div class=\"e-con-inner\">\n\t\t<div class=\"elementor-element elementor-element-4b0e8f2 e-con-full e-flex e-con e-child\" data-id=\"4b0e8f2\" data-element_type=\"container\" data-e-type=\"container\">\n\t\t\t\t<div class=\"elementor-element elementor-element-0173d27 elementor-widget elementor-widget-image\" data-id=\"0173d27\" data-element_type=\"widget\" data-e-type=\"widget\" data-widget_type=\"image.default\">\n\t\t\t\t\t\t\t\t\t\t\t\t\t\t\t<img decoding=\"async\" width=\"535\" height=\"600\" src=\"https:\/\/develon.si\/wp-content\/uploads\/2026\/03\/concept-x2-excavator-1-1.webp\" class=\"attachment-large size-large wp-image-33514605\" alt=\"\" srcset=\"https:\/\/develon.si\/wp-content\/uploads\/2026\/03\/concept-x2-excavator-1-1.webp 535w, https:\/\/develon.si\/wp-content\/uploads\/2026\/03\/concept-x2-excavator-1-1-268x300.webp 268w, https:\/\/develon.si\/wp-content\/uploads\/2026\/03\/concept-x2-excavator-1-1-143x160.webp 143w\" sizes=\"(max-width: 535px) 100vw, 535px\" \/>\t\t\t\t\t\t\t\t\t\t\t\t\t\t\t<\/div>\n\t\t\t\t<\/div>\n\t\t<div class=\"elementor-element elementor-element-f071107 e-con-full e-flex e-con e-child\" data-id=\"f071107\" data-element_type=\"container\" data-e-type=\"container\">\n\t\t\t\t<div class=\"elementor-element elementor-element-5b0eab3 elementor-widget elementor-widget-text-editor\" data-id=\"5b0eab3\" data-element_type=\"widget\" data-e-type=\"widget\" data-widget_type=\"text-editor.default\">\n\t\t\t\t\t\t\t\t\t<div class=\"col-md-12 hc_title_tag_cnt\"><h2 id=\"hoX9i\" class=\"\">Koncept-X2<\/h2><\/div><div class=\"col-md-12 hc_text_block_cnt\"><div id=\"xcD1C\" class=\"\">DEVELON predstavlja najnovej\u0161i razvoj tehnolo\u0161ke re\u0161itve v posodobitvi z imenom Concept-X2. Najnovej\u0161a re\u0161itev vklju\u010duje:<\/div><\/div><div class=\"col-md-12 hc_title_tag_cnt\"><h4 id=\"BJdNi\" class=\"\">Model<\/h4><\/div><div class=\"col-md-12 hc_text_block_cnt\"><div id=\"iaawo\" class=\"\">Avtonomnemu dosegu je dodan nov buldo\u017eer.<\/div><\/div><div class=\"col-md-12 hc_title_tag_cnt\"><h4 id=\"mImo5\" class=\"\">Samodejno<\/h4><\/div><div class=\"col-md-12 hc_text_block_cnt\"><div id=\"AGRx5\" class=\"\">Avtomatizirano krmiljenje stroja in 3D-razvr\u0161\u010danje z nagibno-rotatorskimi sistemi. Napredno samodejno kopanje in nakladanje na podlagi strojnega u\u010denja. Implementiran integriran algoritem za na\u010drtovanje dela.<\/div><\/div><div class=\"col-md-12 hc_title_tag_cnt\"><h4 id=\"wkpCH\" class=\"\">Varnost<\/h4><\/div><div class=\"col-md-12 hc_text_block_cnt\"><div id=\"cbJDV\" class=\"\">Napredna varnostna tehnologija za zaustavitev v sili.<\/div><\/div><div class=\"col-md-12 hc_title_tag_cnt\"><h4 id=\"yKp6z\" class=\"\">Oblikovanje<\/h4><\/div><div class=\"col-md-12 hc_text_block_cnt\"><div id=\"O15wI\" class=\"\">Nova zasnova brez kabine, slog oblikovanja \u00bblinearnega jedra\u00ab.<\/div><\/div>\t\t\t\t\t\t\t\t<\/div>\n\t\t\t\t<\/div>\n\t\t\t\t\t<\/div>\n\t\t\t\t<\/div>\n\t\t<div class=\"elementor-element elementor-element-81e573a e-flex e-con-boxed e-con e-parent\" data-id=\"81e573a\" data-element_type=\"container\" data-e-type=\"container\">\n\t\t\t\t\t<div class=\"e-con-inner\">\n\t\t\t\t<div class=\"elementor-element elementor-element-0897e70 elementor-widget elementor-widget-video\" data-id=\"0897e70\" data-element_type=\"widget\" data-e-type=\"widget\" data-settings=\"{&quot;youtube_url&quot;:&quot;https:\\\/\\\/youtu.be\\\/w3eWcmRysPI&quot;,&quot;video_type&quot;:&quot;youtube&quot;}\" data-widget_type=\"video.default\">\n\t\t\t\t\t\t\t<div class=\"elementor-wrapper elementor-open-inline\">\n\t\t\t<div class=\"elementor-video\"><\/div>\t\t<\/div>\n\t\t\t\t\t\t<\/div>\n\t\t\t\t\t<\/div>\n\t\t\t\t<\/div>\n\t\t\t\t<\/div>","protected":false},"excerpt":{"rendered":"<p>Uspeh strank je v ospredju. DEVELON-ov Concept-X2 s pomo\u010djo mo\u010di tehnologije v kombinaciji s \u010dlove\u0161kimi inovacijami revolucionira gradbeno industrijo. Projekt, ki ga poganja pristop, osredoto\u010den na stranko, se osredoto\u010da na zagotavljanje konkretnih koristi na\u0161im strankam. Concept-X2 na novo opredeljuje odnos med \u010dlovekom in strojem ter omogo\u010da u\u010dinkovitej\u0161o komunikacijo na vseh podro\u010djih. [\u2026]<\/p>","protected":false},"author":1,"featured_media":33514601,"parent":33441037,"menu_order":0,"comment_status":"closed","ping_status":"closed","template":"","meta":{"_acf_changed":false,"pgc_sgb_lightbox_settings":"","footnotes":""},"class_list":["post-33514600","page","type-page","status-publish","has-post-thumbnail","hentry"],"acf":[],"featured_image_src":"https:\/\/develon.si\/wp-content\/uploads\/2026\/03\/concept-x2-large-1-1.webp","_links":{"self":[{"href":"https:\/\/develon.si\/sl\/wp-json\/wp\/v2\/pages\/33514600","targetHints":{"allow":["GET"]}}],"collection":[{"href":"https:\/\/develon.si\/sl\/wp-json\/wp\/v2\/pages"}],"about":[{"href":"https:\/\/develon.si\/sl\/wp-json\/wp\/v2\/types\/page"}],"author":[{"embeddable":true,"href":"https:\/\/develon.si\/sl\/wp-json\/wp\/v2\/users\/1"}],"replies":[{"embeddable":true,"href":"https:\/\/develon.si\/sl\/wp-json\/wp\/v2\/comments?post=33514600"}],"version-history":[{"count":7,"href":"https:\/\/develon.si\/sl\/wp-json\/wp\/v2\/pages\/33514600\/revisions"}],"predecessor-version":[{"id":33514611,"href":"https:\/\/develon.si\/sl\/wp-json\/wp\/v2\/pages\/33514600\/revisions\/33514611"}],"up":[{"embeddable":true,"href":"https:\/\/develon.si\/sl\/wp-json\/wp\/v2\/pages\/33441037"}],"wp:featuredmedia":[{"embeddable":true,"href":"https:\/\/develon.si\/sl\/wp-json\/wp\/v2\/media\/33514601"}],"wp:attachment":[{"href":"https:\/\/develon.si\/sl\/wp-json\/wp\/v2\/media?parent=33514600"}],"curies":[{"name":"wp","href":"https:\/\/api.w.org\/{rel}","templated":true}]}}