{"id":33514626,"date":"2026-03-25T11:59:06","date_gmt":"2026-03-25T11:59:06","guid":{"rendered":"https:\/\/develon.agma.bg\/?page_id=33514626"},"modified":"2026-03-25T12:01:30","modified_gmt":"2026-03-25T12:01:30","slug":"xitecloud","status":"publish","type":"page","link":"https:\/\/develon.si\/sl\/inovatsii\/xitecloud\/","title":{"rendered":"XiteCloud"},"content":{"rendered":"<div data-elementor-type=\"wp-page\" data-elementor-id=\"33514626\" class=\"elementor elementor-33514626\" data-elementor-post-type=\"page\">\n\t\t\t\t<div class=\"elementor-element elementor-element-f8b593f e-flex e-con-boxed e-con e-parent\" data-id=\"f8b593f\" data-element_type=\"container\" data-e-type=\"container\">\n\t\t\t\t\t<div class=\"e-con-inner\">\n\t\t<div class=\"elementor-element elementor-element-5b222b6 e-con-full e-flex e-con e-child\" data-id=\"5b222b6\" data-element_type=\"container\" data-e-type=\"container\">\n\t\t<div class=\"elementor-element elementor-element-8f76954 e-con-full e-flex e-con e-child\" data-id=\"8f76954\" data-element_type=\"container\" data-e-type=\"container\">\n\t\t\t\t<div class=\"elementor-element elementor-element-9c0eca3 elementor-widget elementor-widget-heading\" data-id=\"9c0eca3\" data-element_type=\"widget\" data-e-type=\"widget\" data-widget_type=\"heading.default\">\n\t\t\t\t\t<h2 class=\"elementor-heading-title elementor-size-default\">Inteligentna gradbena platforma - vse v enem<\/h2>\t\t\t\t<\/div>\n\t\t\t\t<div class=\"elementor-element elementor-element-c0ec22c elementor-widget elementor-widget-image-gallery\" data-id=\"c0ec22c\" data-element_type=\"widget\" data-e-type=\"widget\" data-widget_type=\"image-gallery.default\">\n\t\t\t\t\t\t\t<div class=\"elementor-image-gallery\">\n\t\t\t<div id='gallery-1' class='gallery galleryid-33514626 gallery-columns-1 gallery-size-full'><figure class='gallery-item'>\n\t\t\t<div class='gallery-icon landscape'>\n\t\t\t\t<a data-elementor-open-lightbox=\"yes\" data-elementor-lightbox-slideshow=\"c0ec22c\" data-elementor-lightbox-title=\"xitecloud-image-EN-1-1-1024x506\" data-e-action-hash=\"#elementor-action%3Aaction%3Dlightbox%26settings%3DeyJpZCI6MzM1MTQ2MjgsInVybCI6Imh0dHBzOlwvXC9kZXZlbG9uLnNpXC93cC1jb250ZW50XC91cGxvYWRzXC8yMDI2XC8wM1wveGl0ZWNsb3VkLWltYWdlLUVOLTEtMS0xMDI0eDUwNi0xLndlYnAiLCJzbGlkZXNob3ciOiJjMGVjMjJjIn0%3D\" href='https:\/\/develon.si\/wp-content\/uploads\/2026\/03\/xitecloud-image-EN-1-1-1024x506-1.webp'><img fetchpriority=\"high\" decoding=\"async\" width=\"1024\" height=\"506\" src=\"https:\/\/develon.si\/wp-content\/uploads\/2026\/03\/xitecloud-image-EN-1-1-1024x506-1.webp\" class=\"attachment-full size-full\" alt=\"\" srcset=\"https:\/\/develon.si\/wp-content\/uploads\/2026\/03\/xitecloud-image-EN-1-1-1024x506-1.webp 1024w, https:\/\/develon.si\/wp-content\/uploads\/2026\/03\/xitecloud-image-EN-1-1-1024x506-1-300x148.webp 300w, https:\/\/develon.si\/wp-content\/uploads\/2026\/03\/xitecloud-image-EN-1-1-1024x506-1-768x380.webp 768w, https:\/\/develon.si\/wp-content\/uploads\/2026\/03\/xitecloud-image-EN-1-1-1024x506-1-600x296.webp 600w, https:\/\/develon.si\/wp-content\/uploads\/2026\/03\/xitecloud-image-EN-1-1-1024x506-1-280x138.webp 280w\" sizes=\"(max-width: 1024px) 100vw, 1024px\" \/><\/a>\n\t\t\t<\/div><\/figure>\n\t\t<\/div>\n\t\t<\/div>\n\t\t\t\t\t\t<\/div>\n\t\t\t\t<\/div>\n\t\t<div class=\"elementor-element elementor-element-46723ac e-con-full e-flex e-con e-child\" data-id=\"46723ac\" data-element_type=\"container\" data-e-type=\"container\">\n\t\t\t\t<div class=\"elementor-element elementor-element-9f58d1d elementor-widget elementor-widget-text-editor\" data-id=\"9f58d1d\" data-element_type=\"widget\" data-e-type=\"widget\" data-widget_type=\"text-editor.default\">\n\t\t\t\t\t\t\t\t\t<div class=\"header-title overlay-container white\" data-sub-height=\"\">\n<div class=\"overlay-content overlaybox\">\n<div class=\"container\">\n<div class=\"title-base\">\n<div class=\"col-md-12 hc_text_block_cnt\">\n<div id=\"c8Jgt\" class=\"\">\n<div class=\"col-md-12 hc_text_block_cnt\">\n<div id=\"0cL4c\" class=\"no-paddings\">XiteCloud je celovita platforma za pametno gradnjo in prvi korak k uresni\u010ditvi projekta Concept-X. Z re\u0161itvami XiteCloud lahko stranka upravlja ve\u010d nalog, kot so geodetske meritve, analiza terena, nakup strojev, upravljanje opreme in upravljanje gradnje, na eni sami platformi, s \u010dimer se zmanj\u0161ajo stro\u0161ki gradnje in prihrani \u010das, hkrati pa se pove\u010da natan\u010dnost dela, kar posledi\u010dno pove\u010da produktivnost. XiteCloud strankam omogo\u010da tudi upravljanje ve\u010d projektov na eni sami platformi, zbiranje in upravljanje podatkov, ki jih je mogo\u010de uporabiti za prihodnje odlo\u010danje\/poslovanje.<\/div>\n<\/div>\n<\/div>\n<\/div>\n<\/div>\n<\/div>\n<\/div>\n<\/div>\t\t\t\t\t\t\t\t<\/div>\n\t\t\t\t<\/div>\n\t\t\t\t<\/div>\n\t\t\t\t\t<\/div>\n\t\t\t\t<\/div>\n\t\t<div class=\"elementor-element elementor-element-f4fa5ad e-flex e-con-boxed e-con e-parent\" data-id=\"f4fa5ad\" data-element_type=\"container\" data-e-type=\"container\">\n\t\t\t\t\t<div class=\"e-con-inner\">\n\t\t<div class=\"elementor-element elementor-element-4b0e8f2 e-con-full e-flex e-con e-child\" data-id=\"4b0e8f2\" data-element_type=\"container\" data-e-type=\"container\">\n\t\t\t\t<div class=\"elementor-element elementor-element-77eed50 elementor-widget elementor-widget-image-gallery\" data-id=\"77eed50\" data-element_type=\"widget\" data-e-type=\"widget\" data-widget_type=\"image-gallery.default\">\n\t\t\t\t\t\t\t<div class=\"elementor-image-gallery\">\n\t\t\t<div id='gallery-2' class='gallery galleryid-33514626 gallery-columns-1 gallery-size-full'><figure class='gallery-item'>\n\t\t\t<div class='gallery-icon portrait'>\n\t\t\t\t<a data-elementor-open-lightbox=\"yes\" data-elementor-lightbox-slideshow=\"77eed50\" data-elementor-lightbox-title=\"concept-x2-dozer-1-1-1\" data-e-action-hash=\"#elementor-action%3Aaction%3Dlightbox%26settings%3DeyJpZCI6MzM1MTQ2MjksInVybCI6Imh0dHBzOlwvXC9kZXZlbG9uLnNpXC93cC1jb250ZW50XC91cGxvYWRzXC8yMDI2XC8wM1wvY29uY2VwdC14Mi1kb3plci0xLTEtMS53ZWJwIiwic2xpZGVzaG93IjoiNzdlZWQ1MCJ9\" href='https:\/\/develon.si\/wp-content\/uploads\/2026\/03\/concept-x2-dozer-1-1-1.webp'><img decoding=\"async\" width=\"401\" height=\"450\" src=\"https:\/\/develon.si\/wp-content\/uploads\/2026\/03\/concept-x2-dozer-1-1-1.webp\" class=\"attachment-full size-full\" alt=\"\" srcset=\"https:\/\/develon.si\/wp-content\/uploads\/2026\/03\/concept-x2-dozer-1-1-1.webp 401w, https:\/\/develon.si\/wp-content\/uploads\/2026\/03\/concept-x2-dozer-1-1-1-267x300.webp 267w, https:\/\/develon.si\/wp-content\/uploads\/2026\/03\/concept-x2-dozer-1-1-1-143x160.webp 143w\" sizes=\"(max-width: 401px) 100vw, 401px\" \/><\/a>\n\t\t\t<\/div><\/figure>\n\t\t<\/div>\n\t\t<\/div>\n\t\t\t\t\t\t<\/div>\n\t\t\t\t<\/div>\n\t\t<div class=\"elementor-element elementor-element-f071107 e-con-full e-flex e-con e-child\" data-id=\"f071107\" data-element_type=\"container\" data-e-type=\"container\">\n\t\t\t\t<div class=\"elementor-element elementor-element-5b0eab3 elementor-widget elementor-widget-text-editor\" data-id=\"5b0eab3\" data-element_type=\"widget\" data-e-type=\"widget\" data-widget_type=\"text-editor.default\">\n\t\t\t\t\t\t\t\t\t<div class=\"col-md-12 hc_title_tag_cnt\">\n<div class=\"col-md-12 hc_title_tag_cnt\">\n<h2 id=\"fRfPk\" class=\"\">Xite Cloud<\/h2>\n<\/div>\n<div class=\"col-md-12 hc_text_block_cnt\">\n<div id=\"ZaLz7\" class=\"no-paddings\">Z XiteCloud lahko stranke digitalizirajo svoja gradbi\u0161\u010da z inovativnimi re\u0161itvami za upravljanje, delo na terenu in varnost. Paleta novih re\u0161itev, ki so del sistema XiteCloud, zajema \u0161tevilne vidike gradbenega upravljanja:<\/div>\n<\/div>\n<div class=\"col-md-12 hc_title_tag_cnt\">\n<h4 id=\"ZtdqM\" class=\"\">XiteFleet<\/h4>\n<\/div>\n<div class=\"col-md-12 hc_text_block_cnt\">\n<div id=\"beVrw\" class=\"no-paddings\">Zagotavlja spremljanje voznega parka v realnem \u010dasu s sledenjem lokacije in spremljanjem delovanja.<\/div>\n<\/div>\n<div class=\"col-md-12 hc_title_tag_cnt\">\n<h4 id=\"8MV2R\" class=\"\">XiteAuto<\/h4>\n<\/div>\n<div class=\"col-md-12 hc_text_block_cnt\">\n<div id=\"OWGpz\" class=\"no-paddings\">Trgu ponuja trenutne in prihodnje tehnologije, ki jih razvija DEVELON \u2013 od 3D-vodenja strojev do avtomatizacije.<\/div>\n<\/div>\n<div class=\"col-md-12 hc_title_tag_cnt\">\n<h4 id=\"j7Yje\" class=\"\">XiteAnalyst<\/h4>\n<\/div>\n<div class=\"col-md-12 hc_text_block_cnt\">\n<div id=\"Jttnq\" class=\"no-paddings\">XiteAnalyst je digitalna analogna re\u0161itev za analizo\/upravljanje zemeljskih del.<\/div>\n<\/div>\n<div class=\"col-md-12 hc_title_tag_cnt\">\n<h4 id=\"x1vLN\" class=\"\">XiteSafety<\/h4>\n<\/div>\n<div class=\"col-md-12 hc_text_block_cnt\">\n<div id=\"BJTgV\" class=\"no-paddings\">Ponuja upravljanje varnosti, vklju\u010dno s prepre\u010devanjem nesre\u010d z delavci in gradbeno opremo.<\/div>\n<\/div>\n<\/div>\t\t\t\t\t\t\t\t<\/div>\n\t\t\t\t<\/div>\n\t\t\t\t\t<\/div>\n\t\t\t\t<\/div>\n\t\t<div class=\"elementor-element elementor-element-81e573a e-flex e-con-boxed e-con e-parent\" data-id=\"81e573a\" data-element_type=\"container\" data-e-type=\"container\">\n\t\t\t\t\t<div class=\"e-con-inner\">\n\t\t\t\t<div class=\"elementor-element elementor-element-0897e70 elementor-widget elementor-widget-video\" data-id=\"0897e70\" data-element_type=\"widget\" data-e-type=\"widget\" data-settings=\"{&quot;youtube_url&quot;:&quot;https:\\\/\\\/youtu.be\\\/zitAIAV1lZs&quot;,&quot;video_type&quot;:&quot;youtube&quot;}\" data-widget_type=\"video.default\">\n\t\t\t\t\t\t\t<div class=\"elementor-wrapper elementor-open-inline\">\n\t\t\t<div class=\"elementor-video\"><\/div>\t\t<\/div>\n\t\t\t\t\t\t<\/div>\n\t\t\t\t\t<\/div>\n\t\t\t\t<\/div>\n\t\t\t\t<\/div>","protected":false},"excerpt":{"rendered":"<p>Inteligentna gradbena platforma \u2013 vse v enem XiteCloud je celovita inteligentna gradbena platforma in prvi korak k uresni\u010ditvi projekta Concept-X. Z re\u0161itvami XiteCloud lahko stranka na eni platformi upravlja ve\u010d nalog, kot so geodetske meritve, analiza terena, nakup strojev, upravljanje opreme in upravljanje gradnje, s \u010dimer [\u2026]<\/p>","protected":false},"author":1,"featured_media":33514627,"parent":33441037,"menu_order":0,"comment_status":"closed","ping_status":"closed","template":"","meta":{"_acf_changed":false,"pgc_sgb_lightbox_settings":"","footnotes":""},"class_list":["post-33514626","page","type-page","status-publish","has-post-thumbnail","hentry"],"acf":[],"featured_image_src":"https:\/\/develon.si\/wp-content\/uploads\/2026\/03\/innovation-page-xitecloud-1.webp","_links":{"self":[{"href":"https:\/\/develon.si\/sl\/wp-json\/wp\/v2\/pages\/33514626","targetHints":{"allow":["GET"]}}],"collection":[{"href":"https:\/\/develon.si\/sl\/wp-json\/wp\/v2\/pages"}],"about":[{"href":"https:\/\/develon.si\/sl\/wp-json\/wp\/v2\/types\/page"}],"author":[{"embeddable":true,"href":"https:\/\/develon.si\/sl\/wp-json\/wp\/v2\/users\/1"}],"replies":[{"embeddable":true,"href":"https:\/\/develon.si\/sl\/wp-json\/wp\/v2\/comments?post=33514626"}],"version-history":[{"count":4,"href":"https:\/\/develon.si\/sl\/wp-json\/wp\/v2\/pages\/33514626\/revisions"}],"predecessor-version":[{"id":33514633,"href":"https:\/\/develon.si\/sl\/wp-json\/wp\/v2\/pages\/33514626\/revisions\/33514633"}],"up":[{"embeddable":true,"href":"https:\/\/develon.si\/sl\/wp-json\/wp\/v2\/pages\/33441037"}],"wp:featuredmedia":[{"embeddable":true,"href":"https:\/\/develon.si\/sl\/wp-json\/wp\/v2\/media\/33514627"}],"wp:attachment":[{"href":"https:\/\/develon.si\/sl\/wp-json\/wp\/v2\/media?parent=33514626"}],"curies":[{"name":"wp","href":"https:\/\/api.w.org\/{rel}","templated":true}]}}