{"id":33515433,"date":"2026-04-07T08:08:19","date_gmt":"2026-04-07T08:08:19","guid":{"rendered":"https:\/\/develon.agma.bg\/?page_id=33515433"},"modified":"2026-04-07T08:24:30","modified_gmt":"2026-04-07T08:24:30","slug":"smart-solution","status":"publish","type":"page","link":"https:\/\/develon.si\/sl\/smart-solution\/","title":{"rendered":"Pametna re\u0161itev"},"content":{"rendered":"<div data-elementor-type=\"wp-page\" data-elementor-id=\"33515433\" class=\"elementor elementor-33515433\" data-elementor-post-type=\"page\">\n\t\t\t\t<div class=\"elementor-element elementor-element-c7c5f46 hero-overlay e-flex e-con-boxed e-con e-parent\" data-id=\"c7c5f46\" data-element_type=\"container\" data-e-type=\"container\" data-settings=\"{&quot;background_background&quot;:&quot;classic&quot;}\">\n\t\t\t\t\t<div class=\"e-con-inner\">\n\t\t\t\t<div class=\"elementor-element elementor-element-ad12539 elementor-widget elementor-widget-heading\" data-id=\"ad12539\" data-element_type=\"widget\" data-e-type=\"widget\" data-widget_type=\"heading.default\">\n\t\t\t\t\t<h1 class=\"elementor-heading-title elementor-size-default\">Pametna re\u0161itev<\/h1>\t\t\t\t<\/div>\n\t\t\t\t\t<\/div>\n\t\t\t\t<\/div>\n\t\t<div class=\"elementor-element elementor-element-0bd9954 e-flex e-con-boxed e-con e-parent\" data-id=\"0bd9954\" data-element_type=\"container\" data-e-type=\"container\">\n\t\t\t\t\t<div class=\"e-con-inner\">\n\t\t<div class=\"elementor-element elementor-element-07843e7 e-con-full e-flex e-con e-child\" data-id=\"07843e7\" data-element_type=\"container\" data-e-type=\"container\">\n\t\t<div class=\"elementor-element elementor-element-dc807ce e-con-full e-flex e-con e-child\" data-id=\"dc807ce\" data-element_type=\"container\" data-e-type=\"container\">\n\t\t\t\t<div class=\"elementor-element elementor-element-54a8829 elementor-widget elementor-widget-text-editor\" data-id=\"54a8829\" data-element_type=\"widget\" data-e-type=\"widget\" data-widget_type=\"text-editor.default\">\n\t\t\t\t\t\t\t\t\t<p>Visoka kakovost in najbolj\u0161a zmogljivost \u2013 to sta zna\u010dilnosti delovnih naprav Develon. Z zagotavljanjem izdelkov in storitev, optimiziranih za razli\u010dna delovna okolja, ponujajo ve\u010d kot le izpolnjevanje pri\u010dakovanj strank.<\/p>\t\t\t\t\t\t\t\t<\/div>\n\t\t\t\t<\/div>\n\t\t\t\t<\/div>\n\t\t\t\t\t<\/div>\n\t\t\t\t<\/div>\n\t\t<div class=\"elementor-element elementor-element-cf71c15 e-flex e-con-boxed e-con e-parent\" data-id=\"cf71c15\" data-element_type=\"container\" data-e-type=\"container\">\n\t\t\t\t\t<div class=\"e-con-inner\">\n\t\t\t\t<div class=\"elementor-element elementor-element-dea71cb elementor-widget elementor-widget-heading\" data-id=\"dea71cb\" data-element_type=\"widget\" data-e-type=\"widget\" data-widget_type=\"heading.default\">\n\t\t\t\t\t<h2 class=\"elementor-heading-title elementor-size-default\">Paleta izdelkov:\n<\/h2>\t\t\t\t<\/div>\n\t\t<div class=\"elementor-element elementor-element-0a6efd5 e-con-full e-flex e-con e-child\" data-id=\"0a6efd5\" data-element_type=\"container\" data-e-type=\"container\" data-settings=\"{&quot;background_background&quot;:&quot;classic&quot;}\">\n\t\t<div class=\"elementor-element elementor-element-b6151e7 e-grid e-con-full e-con e-child\" data-id=\"b6151e7\" data-element_type=\"container\" data-e-type=\"container\">\n\t\t\t\t<div class=\"elementor-element elementor-element-25b44ec elementor-cta--skin-classic elementor-animated-content elementor-widget elementor-widget-call-to-action\" data-id=\"25b44ec\" data-element_type=\"widget\" data-e-type=\"widget\" data-widget_type=\"call-to-action.default\">\n\t\t\t\t\t\t\t<a class=\"elementor-cta\" href=\"https:\/\/develon.si\/sl\/products\/trimble-ready\/\">\n\t\t\t\t\t<div class=\"elementor-cta__bg-wrapper\">\n\t\t\t\t<div class=\"elementor-cta__bg elementor-bg\" style=\"background-image: url(https:\/\/develon.si\/wp-content\/uploads\/2026\/04\/trimble-ready-doosan-7-1024x683-1.webp);\" role=\"img\" aria-label=\"trimble-ready-doosan-7-1024x683\"><\/div>\n\t\t\t\t<div class=\"elementor-cta__bg-overlay\"><\/div>\n\t\t\t<\/div>\n\t\t\t\t\t\t\t<div class=\"elementor-cta__content\">\n\t\t\t\t\n\t\t\t\t\t\t\t\t\t<h3 class=\"elementor-cta__title elementor-cta__content-item elementor-content-item\">\n\t\t\t\t\t\tPripravljeno za Trimble\t\t\t\t\t<\/h3>\n\t\t\t\t\n\t\t\t\t\t\t\t\t\t<span class=\"elementor-cta__description elementor-cta__content-item elementor-content-item\">\n\t\t\t\t\t\tNajbolj preizku\u0161en sistem za nadzor hitrosti izkopavanja na trgu je Trimble predstavil pred ve\u010d kot 10 leti in je name\u0161\u010den na tiso\u010dih bagrih po vsem svetu;\t\t\t\t\t<\/span>\n\t\t\t\t\n\t\t\t\t\t\t\t<\/div>\n\t\t\t\t\t\t<\/a>\n\t\t\t\t\t\t<\/div>\n\t\t\t\t<div class=\"elementor-element elementor-element-884154a elementor-cta--skin-classic elementor-animated-content elementor-widget elementor-widget-call-to-action\" data-id=\"884154a\" data-element_type=\"widget\" data-e-type=\"widget\" data-widget_type=\"call-to-action.default\">\n\t\t\t\t\t\t\t<a class=\"elementor-cta\" href=\"https:\/\/develon.si\/sl\/products\/steelwrist\/\">\n\t\t\t\t\t<div class=\"elementor-cta__bg-wrapper\">\n\t\t\t\t<div class=\"elementor-cta__bg elementor-bg\" style=\"background-image: url(https:\/\/develon.si\/wp-content\/uploads\/2026\/04\/doosan-smart-solution-steelwrist-2-1024x691-1.webp);\" role=\"img\" aria-label=\"Doosan pametna re\u0161itev Steelwrist\"><\/div>\n\t\t\t\t<div class=\"elementor-cta__bg-overlay\"><\/div>\n\t\t\t<\/div>\n\t\t\t\t\t\t\t<div class=\"elementor-cta__content\">\n\t\t\t\t\n\t\t\t\t\t\t\t\t\t<h3 class=\"elementor-cta__title elementor-cta__content-item elementor-content-item\">\n\t\t\t\t\t\tJekleno zapestje\t\t\t\t\t<\/h3>\n\t\t\t\t\n\t\t\t\t\t\t\t\t\t<span class=\"elementor-cta__description elementor-cta__content-item elementor-content-item\">\n\t\t\t\t\t\tErgonomske igralne palice omogo\u010dajo enostavno in prilagodljivo upravljanje ve\u010d funkcij hkrati;\t\t\t\t\t<\/span>\n\t\t\t\t\n\t\t\t\t\t\t\t<\/div>\n\t\t\t\t\t\t<\/a>\n\t\t\t\t\t\t<\/div>\n\t\t\t\t<\/div>\n\t\t\t\t<\/div>\n\t\t\t\t\t<\/div>\n\t\t\t\t<\/div>\n\t\t\t\t<\/div>","protected":false},"excerpt":{"rendered":"<p>Visoka kakovost in najbolj\u0161a zmogljivost \u2013 to so zna\u010dilnosti delovnih naprav Develon. Z izdelki in storitvami, optimiziranimi za razli\u010dna delovna okolja, ponujajo ve\u010d kot le izpolnjujejo pri\u010dakovanja strank. Paleta izdelkov: Trimble ready Najbolj preizku\u0161en sistem za nadzor nivoja izkopov na trgu je Trimble predstavil ve\u010d kot [\u2026]<\/p>","protected":false},"author":1,"featured_media":33515434,"parent":0,"menu_order":0,"comment_status":"closed","ping_status":"closed","template":"elementor_header_footer","meta":{"_acf_changed":false,"pgc_sgb_lightbox_settings":"","footnotes":""},"class_list":["post-33515433","page","type-page","status-publish","has-post-thumbnail","hentry"],"acf":[],"featured_image_src":"https:\/\/develon.si\/wp-content\/uploads\/2026\/04\/smart-solution.webp","_links":{"self":[{"href":"https:\/\/develon.si\/sl\/wp-json\/wp\/v2\/pages\/33515433","targetHints":{"allow":["GET"]}}],"collection":[{"href":"https:\/\/develon.si\/sl\/wp-json\/wp\/v2\/pages"}],"about":[{"href":"https:\/\/develon.si\/sl\/wp-json\/wp\/v2\/types\/page"}],"author":[{"embeddable":true,"href":"https:\/\/develon.si\/sl\/wp-json\/wp\/v2\/users\/1"}],"replies":[{"embeddable":true,"href":"https:\/\/develon.si\/sl\/wp-json\/wp\/v2\/comments?post=33515433"}],"version-history":[{"count":7,"href":"https:\/\/develon.si\/sl\/wp-json\/wp\/v2\/pages\/33515433\/revisions"}],"predecessor-version":[{"id":33515444,"href":"https:\/\/develon.si\/sl\/wp-json\/wp\/v2\/pages\/33515433\/revisions\/33515444"}],"wp:featuredmedia":[{"embeddable":true,"href":"https:\/\/develon.si\/sl\/wp-json\/wp\/v2\/media\/33515434"}],"wp:attachment":[{"href":"https:\/\/develon.si\/sl\/wp-json\/wp\/v2\/media?parent=33515433"}],"curies":[{"name":"wp","href":"https:\/\/api.w.org\/{rel}","templated":true}]}}